{"id":3420,"date":"2017-11-16T10:19:44","date_gmt":"2017-11-30T08:49:06","guid":{"rendered":"https:\/\/luzdealba.es\/?post_type=product&#038;p=3420\/"},"modified":"2017-11-30T08:49:06","modified_gmt":"2017-11-30T08:49:06","slug":"serum-gift-pack","status":"publish","type":"product","link":"https:\/\/luzdealba.es\/en\/shop\/serum-gift-pack\/","title":{"rendered":"SERUM Gift Pack"},"content":{"rendered":"<p>Our serums are made using each of olive varieties we grow: Arbequina, Picual, Royal de Cazorla, Manzanilla Cacere\u00f1a and Cornicabra.<\/p>\n<p>Each type of olive tree and its fruit have different biological properties that give the skin the desired results for every skin need and characteristics. Like each oil, each serum has its own characteristics and particular aroma. The Mediterranean plants that we have added to our cosmetics make their formulation and results elegant and exclusive.<\/p>\n<p>These serums are perfect for the skin, as they have a non-greasy finish with rapid absorption and penetrate into the deepest layers of the skin thanks to their formula with highly concentrated active ingredients. Our serums provide everything your skin needs.<\/p>\n","protected":false},"excerpt":{"rendered":"<p><strong>All our Serum in a single gift package<\/strong><\/p>\n<p>S\u00c9RUM CALM &#8211; ARBEQUINA VARIETY. Sensitive skins<br \/>\nS\u00c9RUM HIDRATE &#8211; ROYAL DE CAZORLA VARIETY. Dry and dehydrated skins<br \/>\nS\u00c9RUM RELAX &#8211; MANZANILLA CACERE\u00d1A VARIETY. Skin hydration<br \/>\nS\u00c9RUM ANTI-EDAD BOOSTER &#8211; PICUAL VARIETY. Mature skins<br \/>\nS\u00c9RUM PURE &#8211; CORNICABRA VARIETY. Mixed \u2013 oily skins<\/p>\n<p>5 x 30 ml.<\/p>\n","protected":false},"featured_media":3413,"comment_status":"open","ping_status":"open","template":"","meta":{"_acf_changed":false},"product_brand":[],"product_cat":[168],"product_tag":[],"class_list":{"0":"post-3420","1":"product","2":"type-product","3":"status-publish","4":"has-post-thumbnail","6":"product_cat-uncategorized","7":"readmore-type-button","10":"first","11":"instock","12":"taxable","13":"shipping-taxable","14":"purchasable","15":"product-type-simple"},"acf":[],"yoast_head":"<!-- This site is optimized with the Yoast SEO plugin v23.9 - https:\/\/yoast.com\/wordpress\/plugins\/seo\/ -->\n<title>SERUM Gift Pack | Luz de alba<\/title>\n<meta name=\"robots\" content=\"index, follow, max-snippet:-1, max-image-preview:large, max-video-preview:-1\" \/>\n<link rel=\"canonical\" href=\"https:\/\/luzdealba.es\/en\/shop\/serum-gift-pack\/\" \/>\n<meta property=\"og:locale\" content=\"en_US\" \/>\n<meta property=\"og:type\" content=\"article\" \/>\n<meta property=\"og:title\" content=\"SERUM Gift Pack | Luz de alba\" \/>\n<meta property=\"og:description\" content=\"All our Serum in a single gift package S\u00c9RUM CALM - ARBEQUINA VARIETY. Sensitive skins S\u00c9RUM HIDRATE - ROYAL DE CAZORLA VARIETY. Dry and dehydrated skins S\u00c9RUM RELAX - MANZANILLA CACERE\u00d1A VARIETY. Skin hydration S\u00c9RUM ANTI-EDAD BOOSTER - PICUAL VARIETY. Mature skins S\u00c9RUM PURE - CORNICABRA VARIETY. Mixed \u2013 oily skins 5 x 30 ml.\" \/>\n<meta property=\"og:url\" content=\"https:\/\/luzdealba.es\/en\/shop\/serum-gift-pack\/\" \/>\n<meta property=\"og:site_name\" content=\"Luz de alba\" \/>\n<meta property=\"article:publisher\" content=\"https:\/\/www.facebook.com\/fluzdealba\/\" \/>\n<meta property=\"og:image\" content=\"https:\/\/luzdealba.es\/wp-content\/uploads\/2017\/11\/PACK-REGALO-SERUM.jpg\" \/>\n\t<meta property=\"og:image:width\" content=\"1024\" \/>\n\t<meta property=\"og:image:height\" content=\"683\" \/>\n\t<meta property=\"og:image:type\" content=\"image\/jpeg\" \/>\n<meta name=\"twitter:card\" content=\"summary_large_image\" \/>\n<meta name=\"twitter:site\" content=\"@AceiteLuzdeAlba\" \/>\n<meta name=\"twitter:label1\" content=\"Est. reading time\" \/>\n\t<meta name=\"twitter:data1\" content=\"1 minute\" \/>\n<script type=\"application\/ld+json\" class=\"yoast-schema-graph\">{\"@context\":\"https:\/\/schema.org\",\"@graph\":[{\"@type\":\"WebPage\",\"@id\":\"https:\/\/luzdealba.es\/en\/shop\/serum-gift-pack\/\",\"url\":\"https:\/\/luzdealba.es\/en\/shop\/serum-gift-pack\/\",\"name\":\"SERUM Gift Pack | Luz de alba\",\"isPartOf\":{\"@id\":\"https:\/\/luzdealba.es\/#website\"},\"primaryImageOfPage\":{\"@id\":\"https:\/\/luzdealba.es\/en\/shop\/serum-gift-pack\/#primaryimage\"},\"image\":{\"@id\":\"https:\/\/luzdealba.es\/en\/shop\/serum-gift-pack\/#primaryimage\"},\"thumbnailUrl\":\"https:\/\/luzdealba.es\/wp-content\/uploads\/2017\/11\/PACK-REGALO-SERUM.jpg\",\"datePublished\":\"2017-11-30T08:49:06+00:00\",\"dateModified\":\"2017-11-30T08:49:06+00:00\",\"breadcrumb\":{\"@id\":\"https:\/\/luzdealba.es\/en\/shop\/serum-gift-pack\/#breadcrumb\"},\"inLanguage\":\"en-US\",\"potentialAction\":[{\"@type\":\"ReadAction\",\"target\":[\"https:\/\/luzdealba.es\/en\/shop\/serum-gift-pack\/\"]}]},{\"@type\":\"ImageObject\",\"inLanguage\":\"en-US\",\"@id\":\"https:\/\/luzdealba.es\/en\/shop\/serum-gift-pack\/#primaryimage\",\"url\":\"https:\/\/luzdealba.es\/wp-content\/uploads\/2017\/11\/PACK-REGALO-SERUM.jpg\",\"contentUrl\":\"https:\/\/luzdealba.es\/wp-content\/uploads\/2017\/11\/PACK-REGALO-SERUM.jpg\",\"width\":1024,\"height\":683},{\"@type\":\"BreadcrumbList\",\"@id\":\"https:\/\/luzdealba.es\/en\/shop\/serum-gift-pack\/#breadcrumb\",\"itemListElement\":[{\"@type\":\"ListItem\",\"position\":1,\"name\":\"Portada\",\"item\":\"https:\/\/luzdealba.es\/en\/\"},{\"@type\":\"ListItem\",\"position\":2,\"name\":\"Todos los productos\",\"item\":\"https:\/\/luzdealba.es\/tienda\/todos-los-productos\/\"},{\"@type\":\"ListItem\",\"position\":3,\"name\":\"SERUM Gift Pack\"}]},{\"@type\":\"WebSite\",\"@id\":\"https:\/\/luzdealba.es\/#website\",\"url\":\"https:\/\/luzdealba.es\/\",\"name\":\"Luz de alba\",\"description\":\"\",\"publisher\":{\"@id\":\"https:\/\/luzdealba.es\/#organization\"},\"potentialAction\":[{\"@type\":\"SearchAction\",\"target\":{\"@type\":\"EntryPoint\",\"urlTemplate\":\"https:\/\/luzdealba.es\/?s={search_term_string}\"},\"query-input\":{\"@type\":\"PropertyValueSpecification\",\"valueRequired\":true,\"valueName\":\"search_term_string\"}}],\"inLanguage\":\"en-US\"},{\"@type\":\"Organization\",\"@id\":\"https:\/\/luzdealba.es\/#organization\",\"name\":\"Luz de Alba\",\"url\":\"https:\/\/luzdealba.es\/\",\"logo\":{\"@type\":\"ImageObject\",\"inLanguage\":\"en-US\",\"@id\":\"https:\/\/luzdealba.es\/#\/schema\/logo\/image\/\",\"url\":\"https:\/\/luzdealba.es\/wp-content\/uploads\/2019\/11\/logo-web.png\",\"contentUrl\":\"https:\/\/luzdealba.es\/wp-content\/uploads\/2019\/11\/logo-web.png\",\"width\":370,\"height\":88,\"caption\":\"Luz de Alba\"},\"image\":{\"@id\":\"https:\/\/luzdealba.es\/#\/schema\/logo\/image\/\"},\"sameAs\":[\"https:\/\/www.facebook.com\/fluzdealba\/\",\"https:\/\/x.com\/AceiteLuzdeAlba\",\"https:\/\/www.instagram.com\/luzdealba_alojamiento_rural\/\",\"https:\/\/www.pinterest.es\/fincaluzdealba\/\",\"https:\/\/www.youtube.com\/channel\/UCN70rUghDOmkH61Vc9INBrw\"]}]}<\/script>\n<!-- \/ Yoast SEO plugin. -->","yoast_head_json":{"title":"SERUM Gift Pack | Luz de alba","robots":{"index":"index","follow":"follow","max-snippet":"max-snippet:-1","max-image-preview":"max-image-preview:large","max-video-preview":"max-video-preview:-1"},"canonical":"https:\/\/luzdealba.es\/en\/shop\/serum-gift-pack\/","og_locale":"en_US","og_type":"article","og_title":"SERUM Gift Pack | Luz de alba","og_description":"All our Serum in a single gift package S\u00c9RUM CALM - ARBEQUINA VARIETY. Sensitive skins S\u00c9RUM HIDRATE - ROYAL DE CAZORLA VARIETY. Dry and dehydrated skins S\u00c9RUM RELAX - MANZANILLA CACERE\u00d1A VARIETY. Skin hydration S\u00c9RUM ANTI-EDAD BOOSTER - PICUAL VARIETY. Mature skins S\u00c9RUM PURE - CORNICABRA VARIETY. Mixed \u2013 oily skins 5 x 30 ml.","og_url":"https:\/\/luzdealba.es\/en\/shop\/serum-gift-pack\/","og_site_name":"Luz de alba","article_publisher":"https:\/\/www.facebook.com\/fluzdealba\/","og_image":[{"width":1024,"height":683,"url":"https:\/\/luzdealba.es\/wp-content\/uploads\/2017\/11\/PACK-REGALO-SERUM.jpg","type":"image\/jpeg"}],"twitter_card":"summary_large_image","twitter_site":"@AceiteLuzdeAlba","twitter_misc":{"Est. reading time":"1 minute"},"schema":{"@context":"https:\/\/schema.org","@graph":[{"@type":"WebPage","@id":"https:\/\/luzdealba.es\/en\/shop\/serum-gift-pack\/","url":"https:\/\/luzdealba.es\/en\/shop\/serum-gift-pack\/","name":"SERUM Gift Pack | Luz de alba","isPartOf":{"@id":"https:\/\/luzdealba.es\/#website"},"primaryImageOfPage":{"@id":"https:\/\/luzdealba.es\/en\/shop\/serum-gift-pack\/#primaryimage"},"image":{"@id":"https:\/\/luzdealba.es\/en\/shop\/serum-gift-pack\/#primaryimage"},"thumbnailUrl":"https:\/\/luzdealba.es\/wp-content\/uploads\/2017\/11\/PACK-REGALO-SERUM.jpg","datePublished":"2017-11-30T08:49:06+00:00","dateModified":"2017-11-30T08:49:06+00:00","breadcrumb":{"@id":"https:\/\/luzdealba.es\/en\/shop\/serum-gift-pack\/#breadcrumb"},"inLanguage":"en-US","potentialAction":[{"@type":"ReadAction","target":["https:\/\/luzdealba.es\/en\/shop\/serum-gift-pack\/"]}]},{"@type":"ImageObject","inLanguage":"en-US","@id":"https:\/\/luzdealba.es\/en\/shop\/serum-gift-pack\/#primaryimage","url":"https:\/\/luzdealba.es\/wp-content\/uploads\/2017\/11\/PACK-REGALO-SERUM.jpg","contentUrl":"https:\/\/luzdealba.es\/wp-content\/uploads\/2017\/11\/PACK-REGALO-SERUM.jpg","width":1024,"height":683},{"@type":"BreadcrumbList","@id":"https:\/\/luzdealba.es\/en\/shop\/serum-gift-pack\/#breadcrumb","itemListElement":[{"@type":"ListItem","position":1,"name":"Portada","item":"https:\/\/luzdealba.es\/en\/"},{"@type":"ListItem","position":2,"name":"Todos los productos","item":"https:\/\/luzdealba.es\/tienda\/todos-los-productos\/"},{"@type":"ListItem","position":3,"name":"SERUM Gift Pack"}]},{"@type":"WebSite","@id":"https:\/\/luzdealba.es\/#website","url":"https:\/\/luzdealba.es\/","name":"Luz de alba","description":"","publisher":{"@id":"https:\/\/luzdealba.es\/#organization"},"potentialAction":[{"@type":"SearchAction","target":{"@type":"EntryPoint","urlTemplate":"https:\/\/luzdealba.es\/?s={search_term_string}"},"query-input":{"@type":"PropertyValueSpecification","valueRequired":true,"valueName":"search_term_string"}}],"inLanguage":"en-US"},{"@type":"Organization","@id":"https:\/\/luzdealba.es\/#organization","name":"Luz de Alba","url":"https:\/\/luzdealba.es\/","logo":{"@type":"ImageObject","inLanguage":"en-US","@id":"https:\/\/luzdealba.es\/#\/schema\/logo\/image\/","url":"https:\/\/luzdealba.es\/wp-content\/uploads\/2019\/11\/logo-web.png","contentUrl":"https:\/\/luzdealba.es\/wp-content\/uploads\/2019\/11\/logo-web.png","width":370,"height":88,"caption":"Luz de Alba"},"image":{"@id":"https:\/\/luzdealba.es\/#\/schema\/logo\/image\/"},"sameAs":["https:\/\/www.facebook.com\/fluzdealba\/","https:\/\/x.com\/AceiteLuzdeAlba","https:\/\/www.instagram.com\/luzdealba_alojamiento_rural\/","https:\/\/www.pinterest.es\/fincaluzdealba\/","https:\/\/www.youtube.com\/channel\/UCN70rUghDOmkH61Vc9INBrw"]}]}},"_links":{"self":[{"href":"https:\/\/luzdealba.es\/en\/wp-json\/wp\/v2\/product\/3420","targetHints":{"allow":["GET"]}}],"collection":[{"href":"https:\/\/luzdealba.es\/en\/wp-json\/wp\/v2\/product"}],"about":[{"href":"https:\/\/luzdealba.es\/en\/wp-json\/wp\/v2\/types\/product"}],"replies":[{"embeddable":true,"href":"https:\/\/luzdealba.es\/en\/wp-json\/wp\/v2\/comments?post=3420"}],"wp:featuredmedia":[{"embeddable":true,"href":"https:\/\/luzdealba.es\/en\/wp-json\/wp\/v2\/media\/3413"}],"wp:attachment":[{"href":"https:\/\/luzdealba.es\/en\/wp-json\/wp\/v2\/media?parent=3420"}],"wp:term":[{"taxonomy":"product_brand","embeddable":true,"href":"https:\/\/luzdealba.es\/en\/wp-json\/wp\/v2\/product_brand?post=3420"},{"taxonomy":"product_cat","embeddable":true,"href":"https:\/\/luzdealba.es\/en\/wp-json\/wp\/v2\/product_cat?post=3420"},{"taxonomy":"product_tag","embeddable":true,"href":"https:\/\/luzdealba.es\/en\/wp-json\/wp\/v2\/product_tag?post=3420"}],"curies":[{"name":"wp","href":"https:\/\/api.w.org\/{rel}","templated":true}]}}