{"id":3419,"date":"2017-11-30T08:45:47","date_gmt":"2017-11-30T08:45:47","guid":{"rendered":"https:\/\/luzdealba.es\/?post_type=product&#038;p=3419\/"},"modified":"2017-11-30T08:45:47","modified_gmt":"2017-11-30T08:45:47","slug":"day-by-day-moisturizing-cream","status":"publish","type":"product","link":"https:\/\/luzdealba.es\/en\/shop\/day-by-day-moisturizing-cream\/","title":{"rendered":"DAY BY DAY MOISTURIZING CREAM"},"content":{"rendered":"<p>Crema de d\u00eda anti-edad a base de aceite de oliva virgen org\u00e1nico Luz de Alba repleto de polifenoles que actuar\u00e1n como antioxidantes para proteger la piel, al mismo tiempo, le aportar\u00e1n nutrici\u00f3n, apoyo en la regeneraci\u00f3n celular, y la proteger\u00e1n de las agresiones externas.<\/p>\n<p>Los activos vegetales org\u00e1nicos le aportar\u00e1n el resto de nutrientes necesarios para su equilibrio y dinamismo.<br \/>\nEste tratamiento es ideal para todo tipo de piel.<br \/>\nPuedes personalizar tu tratamiento a\u00f1adiendo unas gotitas del S\u00e9rum Luz de Alba que m\u00e1s se adapte a tus necesidades.<br \/>\nD\u00eda tras d\u00eda la piel aparece m\u00e1s flexible, firme y luminosa.<\/p>\n<p>La piel estar\u00e1 hidratada, regenerada y radiante.<\/p>\n","protected":false},"excerpt":{"rendered":"<p><strong>Anti-ageing cream.<\/strong><\/p>\n<p>Its organic plant agents provide the necessary nutrients for skin balance, leaving it hydrated, regenerated and radiant.<\/p>\n<p>50 ml.<\/p>\n","protected":false},"featured_media":3409,"comment_status":"open","ping_status":"open","template":"","meta":{"_acf_changed":false},"product_brand":[],"product_cat":[168],"product_tag":[],"class_list":{"0":"post-3419","1":"product","2":"type-product","3":"status-publish","4":"has-post-thumbnail","6":"product_cat-uncategorized","7":"readmore-type-button","10":"first","11":"instock","12":"taxable","13":"shipping-taxable","14":"purchasable","15":"product-type-simple"},"acf":[],"yoast_head":"<!-- This site is optimized with the Yoast SEO plugin v23.9 - https:\/\/yoast.com\/wordpress\/plugins\/seo\/ -->\n<title>DAY BY DAY MOISTURIZING CREAM | Luz de alba<\/title>\n<meta name=\"robots\" content=\"index, follow, max-snippet:-1, max-image-preview:large, max-video-preview:-1\" \/>\n<link rel=\"canonical\" href=\"https:\/\/luzdealba.es\/en\/shop\/day-by-day-moisturizing-cream\/\" \/>\n<meta property=\"og:locale\" content=\"en_US\" \/>\n<meta property=\"og:type\" content=\"article\" \/>\n<meta property=\"og:title\" content=\"DAY BY DAY MOISTURIZING CREAM | Luz de alba\" \/>\n<meta property=\"og:description\" content=\"Anti-ageing cream. Its organic plant agents provide the necessary nutrients for skin balance, leaving it hydrated, regenerated and radiant. 50 ml.\" \/>\n<meta property=\"og:url\" content=\"https:\/\/luzdealba.es\/en\/shop\/day-by-day-moisturizing-cream\/\" \/>\n<meta property=\"og:site_name\" content=\"Luz de alba\" \/>\n<meta property=\"article:publisher\" content=\"https:\/\/www.facebook.com\/fluzdealba\/\" \/>\n<meta property=\"og:image\" content=\"https:\/\/luzdealba.es\/wp-content\/uploads\/2016\/02\/CREMA-DAY-BY-DAY.jpg\" \/>\n\t<meta property=\"og:image:width\" content=\"1024\" \/>\n\t<meta property=\"og:image:height\" content=\"683\" \/>\n\t<meta property=\"og:image:type\" content=\"image\/jpeg\" \/>\n<meta name=\"twitter:card\" content=\"summary_large_image\" \/>\n<meta name=\"twitter:site\" content=\"@AceiteLuzdeAlba\" \/>\n<meta name=\"twitter:label1\" content=\"Est. reading time\" \/>\n\t<meta name=\"twitter:data1\" content=\"1 minute\" \/>\n<script type=\"application\/ld+json\" class=\"yoast-schema-graph\">{\"@context\":\"https:\/\/schema.org\",\"@graph\":[{\"@type\":\"WebPage\",\"@id\":\"https:\/\/luzdealba.es\/en\/shop\/day-by-day-moisturizing-cream\/\",\"url\":\"https:\/\/luzdealba.es\/en\/shop\/day-by-day-moisturizing-cream\/\",\"name\":\"DAY BY DAY MOISTURIZING CREAM | Luz de alba\",\"isPartOf\":{\"@id\":\"https:\/\/luzdealba.es\/#website\"},\"primaryImageOfPage\":{\"@id\":\"https:\/\/luzdealba.es\/en\/shop\/day-by-day-moisturizing-cream\/#primaryimage\"},\"image\":{\"@id\":\"https:\/\/luzdealba.es\/en\/shop\/day-by-day-moisturizing-cream\/#primaryimage\"},\"thumbnailUrl\":\"https:\/\/luzdealba.es\/wp-content\/uploads\/2016\/02\/CREMA-DAY-BY-DAY.jpg\",\"datePublished\":\"2017-11-30T08:45:47+00:00\",\"dateModified\":\"2017-11-30T08:45:47+00:00\",\"breadcrumb\":{\"@id\":\"https:\/\/luzdealba.es\/en\/shop\/day-by-day-moisturizing-cream\/#breadcrumb\"},\"inLanguage\":\"en-US\",\"potentialAction\":[{\"@type\":\"ReadAction\",\"target\":[\"https:\/\/luzdealba.es\/en\/shop\/day-by-day-moisturizing-cream\/\"]}]},{\"@type\":\"ImageObject\",\"inLanguage\":\"en-US\",\"@id\":\"https:\/\/luzdealba.es\/en\/shop\/day-by-day-moisturizing-cream\/#primaryimage\",\"url\":\"https:\/\/luzdealba.es\/wp-content\/uploads\/2016\/02\/CREMA-DAY-BY-DAY.jpg\",\"contentUrl\":\"https:\/\/luzdealba.es\/wp-content\/uploads\/2016\/02\/CREMA-DAY-BY-DAY.jpg\",\"width\":1024,\"height\":683},{\"@type\":\"BreadcrumbList\",\"@id\":\"https:\/\/luzdealba.es\/en\/shop\/day-by-day-moisturizing-cream\/#breadcrumb\",\"itemListElement\":[{\"@type\":\"ListItem\",\"position\":1,\"name\":\"Portada\",\"item\":\"https:\/\/luzdealba.es\/en\/\"},{\"@type\":\"ListItem\",\"position\":2,\"name\":\"Todos los productos\",\"item\":\"https:\/\/luzdealba.es\/tienda\/todos-los-productos\/\"},{\"@type\":\"ListItem\",\"position\":3,\"name\":\"DAY BY DAY MOISTURIZING CREAM\"}]},{\"@type\":\"WebSite\",\"@id\":\"https:\/\/luzdealba.es\/#website\",\"url\":\"https:\/\/luzdealba.es\/\",\"name\":\"Luz de alba\",\"description\":\"\",\"publisher\":{\"@id\":\"https:\/\/luzdealba.es\/#organization\"},\"potentialAction\":[{\"@type\":\"SearchAction\",\"target\":{\"@type\":\"EntryPoint\",\"urlTemplate\":\"https:\/\/luzdealba.es\/?s={search_term_string}\"},\"query-input\":{\"@type\":\"PropertyValueSpecification\",\"valueRequired\":true,\"valueName\":\"search_term_string\"}}],\"inLanguage\":\"en-US\"},{\"@type\":\"Organization\",\"@id\":\"https:\/\/luzdealba.es\/#organization\",\"name\":\"Luz de Alba\",\"url\":\"https:\/\/luzdealba.es\/\",\"logo\":{\"@type\":\"ImageObject\",\"inLanguage\":\"en-US\",\"@id\":\"https:\/\/luzdealba.es\/#\/schema\/logo\/image\/\",\"url\":\"https:\/\/luzdealba.es\/wp-content\/uploads\/2019\/11\/logo-web.png\",\"contentUrl\":\"https:\/\/luzdealba.es\/wp-content\/uploads\/2019\/11\/logo-web.png\",\"width\":370,\"height\":88,\"caption\":\"Luz de Alba\"},\"image\":{\"@id\":\"https:\/\/luzdealba.es\/#\/schema\/logo\/image\/\"},\"sameAs\":[\"https:\/\/www.facebook.com\/fluzdealba\/\",\"https:\/\/x.com\/AceiteLuzdeAlba\",\"https:\/\/www.instagram.com\/luzdealba_alojamiento_rural\/\",\"https:\/\/www.pinterest.es\/fincaluzdealba\/\",\"https:\/\/www.youtube.com\/channel\/UCN70rUghDOmkH61Vc9INBrw\"]}]}<\/script>\n<!-- \/ Yoast SEO plugin. -->","yoast_head_json":{"title":"DAY BY DAY MOISTURIZING CREAM | Luz de alba","robots":{"index":"index","follow":"follow","max-snippet":"max-snippet:-1","max-image-preview":"max-image-preview:large","max-video-preview":"max-video-preview:-1"},"canonical":"https:\/\/luzdealba.es\/en\/shop\/day-by-day-moisturizing-cream\/","og_locale":"en_US","og_type":"article","og_title":"DAY BY DAY MOISTURIZING CREAM | Luz de alba","og_description":"Anti-ageing cream. Its organic plant agents provide the necessary nutrients for skin balance, leaving it hydrated, regenerated and radiant. 50 ml.","og_url":"https:\/\/luzdealba.es\/en\/shop\/day-by-day-moisturizing-cream\/","og_site_name":"Luz de alba","article_publisher":"https:\/\/www.facebook.com\/fluzdealba\/","og_image":[{"width":1024,"height":683,"url":"https:\/\/luzdealba.es\/wp-content\/uploads\/2016\/02\/CREMA-DAY-BY-DAY.jpg","type":"image\/jpeg"}],"twitter_card":"summary_large_image","twitter_site":"@AceiteLuzdeAlba","twitter_misc":{"Est. reading time":"1 minute"},"schema":{"@context":"https:\/\/schema.org","@graph":[{"@type":"WebPage","@id":"https:\/\/luzdealba.es\/en\/shop\/day-by-day-moisturizing-cream\/","url":"https:\/\/luzdealba.es\/en\/shop\/day-by-day-moisturizing-cream\/","name":"DAY BY DAY MOISTURIZING CREAM | Luz de alba","isPartOf":{"@id":"https:\/\/luzdealba.es\/#website"},"primaryImageOfPage":{"@id":"https:\/\/luzdealba.es\/en\/shop\/day-by-day-moisturizing-cream\/#primaryimage"},"image":{"@id":"https:\/\/luzdealba.es\/en\/shop\/day-by-day-moisturizing-cream\/#primaryimage"},"thumbnailUrl":"https:\/\/luzdealba.es\/wp-content\/uploads\/2016\/02\/CREMA-DAY-BY-DAY.jpg","datePublished":"2017-11-30T08:45:47+00:00","dateModified":"2017-11-30T08:45:47+00:00","breadcrumb":{"@id":"https:\/\/luzdealba.es\/en\/shop\/day-by-day-moisturizing-cream\/#breadcrumb"},"inLanguage":"en-US","potentialAction":[{"@type":"ReadAction","target":["https:\/\/luzdealba.es\/en\/shop\/day-by-day-moisturizing-cream\/"]}]},{"@type":"ImageObject","inLanguage":"en-US","@id":"https:\/\/luzdealba.es\/en\/shop\/day-by-day-moisturizing-cream\/#primaryimage","url":"https:\/\/luzdealba.es\/wp-content\/uploads\/2016\/02\/CREMA-DAY-BY-DAY.jpg","contentUrl":"https:\/\/luzdealba.es\/wp-content\/uploads\/2016\/02\/CREMA-DAY-BY-DAY.jpg","width":1024,"height":683},{"@type":"BreadcrumbList","@id":"https:\/\/luzdealba.es\/en\/shop\/day-by-day-moisturizing-cream\/#breadcrumb","itemListElement":[{"@type":"ListItem","position":1,"name":"Portada","item":"https:\/\/luzdealba.es\/en\/"},{"@type":"ListItem","position":2,"name":"Todos los productos","item":"https:\/\/luzdealba.es\/tienda\/todos-los-productos\/"},{"@type":"ListItem","position":3,"name":"DAY BY DAY MOISTURIZING CREAM"}]},{"@type":"WebSite","@id":"https:\/\/luzdealba.es\/#website","url":"https:\/\/luzdealba.es\/","name":"Luz de alba","description":"","publisher":{"@id":"https:\/\/luzdealba.es\/#organization"},"potentialAction":[{"@type":"SearchAction","target":{"@type":"EntryPoint","urlTemplate":"https:\/\/luzdealba.es\/?s={search_term_string}"},"query-input":{"@type":"PropertyValueSpecification","valueRequired":true,"valueName":"search_term_string"}}],"inLanguage":"en-US"},{"@type":"Organization","@id":"https:\/\/luzdealba.es\/#organization","name":"Luz de Alba","url":"https:\/\/luzdealba.es\/","logo":{"@type":"ImageObject","inLanguage":"en-US","@id":"https:\/\/luzdealba.es\/#\/schema\/logo\/image\/","url":"https:\/\/luzdealba.es\/wp-content\/uploads\/2019\/11\/logo-web.png","contentUrl":"https:\/\/luzdealba.es\/wp-content\/uploads\/2019\/11\/logo-web.png","width":370,"height":88,"caption":"Luz de Alba"},"image":{"@id":"https:\/\/luzdealba.es\/#\/schema\/logo\/image\/"},"sameAs":["https:\/\/www.facebook.com\/fluzdealba\/","https:\/\/x.com\/AceiteLuzdeAlba","https:\/\/www.instagram.com\/luzdealba_alojamiento_rural\/","https:\/\/www.pinterest.es\/fincaluzdealba\/","https:\/\/www.youtube.com\/channel\/UCN70rUghDOmkH61Vc9INBrw"]}]}},"_links":{"self":[{"href":"https:\/\/luzdealba.es\/en\/wp-json\/wp\/v2\/product\/3419","targetHints":{"allow":["GET"]}}],"collection":[{"href":"https:\/\/luzdealba.es\/en\/wp-json\/wp\/v2\/product"}],"about":[{"href":"https:\/\/luzdealba.es\/en\/wp-json\/wp\/v2\/types\/product"}],"replies":[{"embeddable":true,"href":"https:\/\/luzdealba.es\/en\/wp-json\/wp\/v2\/comments?post=3419"}],"wp:featuredmedia":[{"embeddable":true,"href":"https:\/\/luzdealba.es\/en\/wp-json\/wp\/v2\/media\/3409"}],"wp:attachment":[{"href":"https:\/\/luzdealba.es\/en\/wp-json\/wp\/v2\/media?parent=3419"}],"wp:term":[{"taxonomy":"product_brand","embeddable":true,"href":"https:\/\/luzdealba.es\/en\/wp-json\/wp\/v2\/product_brand?post=3419"},{"taxonomy":"product_cat","embeddable":true,"href":"https:\/\/luzdealba.es\/en\/wp-json\/wp\/v2\/product_cat?post=3419"},{"taxonomy":"product_tag","embeddable":true,"href":"https:\/\/luzdealba.es\/en\/wp-json\/wp\/v2\/product_tag?post=3419"}],"curies":[{"name":"wp","href":"https:\/\/api.w.org\/{rel}","templated":true}]}}