{"id":3418,"date":"2017-11-30T08:43:23","date_gmt":"2017-11-30T08:43:23","guid":{"rendered":"https:\/\/luzdealba.es\/?post_type=product&#038;p=3418\/"},"modified":"2017-11-30T08:43:23","modified_gmt":"2017-11-30T08:43:23","slug":"serum-pure-cornicabra-variety","status":"publish","type":"product","link":"https:\/\/luzdealba.es\/en\/shop\/serum-pure-cornicabra-variety\/","title":{"rendered":"S\u00c9RUM PURE Cornicabra variety"},"content":{"rendered":"<p>Nuestro <strong>Serum Pure<\/strong> ha sido elaborado utilizando de forma exclusiva la aceituna Cornicabra que cultivamos en Luz de Alba. <\/p>\n<p>Tratamiento especialmente formulado para aportar un equilibrio duradero a las pieles mixtas a grasas, as\u00ed como para pieles propensas a las imperfecciones.<br \/>\nEl compuesto de activos bot\u00e1nicos org\u00e1nicos de este s\u00e9rum ayudar\u00e1 a purificar, matificar y seboregular la piel, a la vez que cierra los poros y la deja suave al tacto.<br \/>\nLos activos antibacterianos, calmantes y reparadores, liberan la piel de imperfecciones y uniformizan el tono.<br \/>\nLa piel aparecer\u00e1 mate de inmediato con un efecto de larga duraci\u00f3n.<\/p>\n<p>Como cada aceite, cada s\u00e9rum tiene unas caracter\u00edsticas propias y un aroma particular y las plantas mediterr\u00e1neas hacen que su formulaci\u00f3n y resultados sean elegantes y exclusivos. <\/p>\n","protected":false},"excerpt":{"rendered":"<p><strong>The best thing for mixed \u2013 oily skins<\/strong><\/p>\n<p>Its organic botanical agents help to purify, matify and close pores leaving your skin soft to the touch. <br \/>It provides lasting balance to skins going from mixed to oil<\/p>\n<p>30 ml.<\/p>\n","protected":false},"featured_media":3406,"comment_status":"open","ping_status":"open","template":"","meta":{"_acf_changed":false},"product_brand":[],"product_cat":[168],"product_tag":[],"class_list":{"0":"post-3418","1":"product","2":"type-product","3":"status-publish","4":"has-post-thumbnail","6":"product_cat-uncategorized","7":"readmore-type-button","10":"first","11":"instock","12":"taxable","13":"shipping-taxable","14":"purchasable","15":"product-type-simple"},"acf":[],"yoast_head":"<!-- This site is optimized with the Yoast SEO plugin v23.9 - https:\/\/yoast.com\/wordpress\/plugins\/seo\/ -->\n<title>S\u00c9RUM PURE Cornicabra variety | Luz de alba<\/title>\n<meta name=\"robots\" content=\"index, follow, max-snippet:-1, max-image-preview:large, max-video-preview:-1\" \/>\n<link rel=\"canonical\" href=\"https:\/\/luzdealba.es\/en\/shop\/serum-pure-cornicabra-variety\/\" \/>\n<meta property=\"og:locale\" content=\"en_US\" \/>\n<meta property=\"og:type\" content=\"article\" \/>\n<meta property=\"og:title\" content=\"S\u00c9RUM PURE Cornicabra variety | Luz de alba\" \/>\n<meta property=\"og:description\" content=\"The best thing for mixed \u2013 oily skins Its organic botanical agents help to purify, matify and close pores leaving your skin soft to the touch. It provides lasting balance to skins going from mixed to oil 30 ml.\" \/>\n<meta property=\"og:url\" content=\"https:\/\/luzdealba.es\/en\/shop\/serum-pure-cornicabra-variety\/\" \/>\n<meta property=\"og:site_name\" content=\"Luz de alba\" \/>\n<meta property=\"article:publisher\" content=\"https:\/\/www.facebook.com\/fluzdealba\/\" \/>\n<meta property=\"og:image\" content=\"https:\/\/luzdealba.es\/wp-content\/uploads\/2016\/02\/SERUM-PURE.jpg\" \/>\n\t<meta property=\"og:image:width\" content=\"1024\" \/>\n\t<meta property=\"og:image:height\" content=\"683\" \/>\n\t<meta property=\"og:image:type\" content=\"image\/jpeg\" \/>\n<meta name=\"twitter:card\" content=\"summary_large_image\" \/>\n<meta name=\"twitter:site\" content=\"@AceiteLuzdeAlba\" \/>\n<meta name=\"twitter:label1\" content=\"Est. reading time\" \/>\n\t<meta name=\"twitter:data1\" content=\"1 minute\" \/>\n<script type=\"application\/ld+json\" class=\"yoast-schema-graph\">{\"@context\":\"https:\/\/schema.org\",\"@graph\":[{\"@type\":\"WebPage\",\"@id\":\"https:\/\/luzdealba.es\/en\/shop\/serum-pure-cornicabra-variety\/\",\"url\":\"https:\/\/luzdealba.es\/en\/shop\/serum-pure-cornicabra-variety\/\",\"name\":\"S\u00c9RUM PURE Cornicabra variety | Luz de alba\",\"isPartOf\":{\"@id\":\"https:\/\/luzdealba.es\/#website\"},\"primaryImageOfPage\":{\"@id\":\"https:\/\/luzdealba.es\/en\/shop\/serum-pure-cornicabra-variety\/#primaryimage\"},\"image\":{\"@id\":\"https:\/\/luzdealba.es\/en\/shop\/serum-pure-cornicabra-variety\/#primaryimage\"},\"thumbnailUrl\":\"https:\/\/luzdealba.es\/wp-content\/uploads\/2016\/02\/SERUM-PURE.jpg\",\"datePublished\":\"2017-11-30T08:43:23+00:00\",\"dateModified\":\"2017-11-30T08:43:23+00:00\",\"breadcrumb\":{\"@id\":\"https:\/\/luzdealba.es\/en\/shop\/serum-pure-cornicabra-variety\/#breadcrumb\"},\"inLanguage\":\"en-US\",\"potentialAction\":[{\"@type\":\"ReadAction\",\"target\":[\"https:\/\/luzdealba.es\/en\/shop\/serum-pure-cornicabra-variety\/\"]}]},{\"@type\":\"ImageObject\",\"inLanguage\":\"en-US\",\"@id\":\"https:\/\/luzdealba.es\/en\/shop\/serum-pure-cornicabra-variety\/#primaryimage\",\"url\":\"https:\/\/luzdealba.es\/wp-content\/uploads\/2016\/02\/SERUM-PURE.jpg\",\"contentUrl\":\"https:\/\/luzdealba.es\/wp-content\/uploads\/2016\/02\/SERUM-PURE.jpg\",\"width\":1024,\"height\":683},{\"@type\":\"BreadcrumbList\",\"@id\":\"https:\/\/luzdealba.es\/en\/shop\/serum-pure-cornicabra-variety\/#breadcrumb\",\"itemListElement\":[{\"@type\":\"ListItem\",\"position\":1,\"name\":\"Portada\",\"item\":\"https:\/\/luzdealba.es\/en\/\"},{\"@type\":\"ListItem\",\"position\":2,\"name\":\"Todos los productos\",\"item\":\"https:\/\/luzdealba.es\/tienda\/todos-los-productos\/\"},{\"@type\":\"ListItem\",\"position\":3,\"name\":\"S\u00c9RUM PURE Cornicabra variety\"}]},{\"@type\":\"WebSite\",\"@id\":\"https:\/\/luzdealba.es\/#website\",\"url\":\"https:\/\/luzdealba.es\/\",\"name\":\"Luz de alba\",\"description\":\"\",\"publisher\":{\"@id\":\"https:\/\/luzdealba.es\/#organization\"},\"potentialAction\":[{\"@type\":\"SearchAction\",\"target\":{\"@type\":\"EntryPoint\",\"urlTemplate\":\"https:\/\/luzdealba.es\/?s={search_term_string}\"},\"query-input\":{\"@type\":\"PropertyValueSpecification\",\"valueRequired\":true,\"valueName\":\"search_term_string\"}}],\"inLanguage\":\"en-US\"},{\"@type\":\"Organization\",\"@id\":\"https:\/\/luzdealba.es\/#organization\",\"name\":\"Luz de Alba\",\"url\":\"https:\/\/luzdealba.es\/\",\"logo\":{\"@type\":\"ImageObject\",\"inLanguage\":\"en-US\",\"@id\":\"https:\/\/luzdealba.es\/#\/schema\/logo\/image\/\",\"url\":\"https:\/\/luzdealba.es\/wp-content\/uploads\/2019\/11\/logo-web.png\",\"contentUrl\":\"https:\/\/luzdealba.es\/wp-content\/uploads\/2019\/11\/logo-web.png\",\"width\":370,\"height\":88,\"caption\":\"Luz de Alba\"},\"image\":{\"@id\":\"https:\/\/luzdealba.es\/#\/schema\/logo\/image\/\"},\"sameAs\":[\"https:\/\/www.facebook.com\/fluzdealba\/\",\"https:\/\/x.com\/AceiteLuzdeAlba\",\"https:\/\/www.instagram.com\/luzdealba_alojamiento_rural\/\",\"https:\/\/www.pinterest.es\/fincaluzdealba\/\",\"https:\/\/www.youtube.com\/channel\/UCN70rUghDOmkH61Vc9INBrw\"]}]}<\/script>\n<!-- \/ Yoast SEO plugin. -->","yoast_head_json":{"title":"S\u00c9RUM PURE Cornicabra variety | Luz de alba","robots":{"index":"index","follow":"follow","max-snippet":"max-snippet:-1","max-image-preview":"max-image-preview:large","max-video-preview":"max-video-preview:-1"},"canonical":"https:\/\/luzdealba.es\/en\/shop\/serum-pure-cornicabra-variety\/","og_locale":"en_US","og_type":"article","og_title":"S\u00c9RUM PURE Cornicabra variety | Luz de alba","og_description":"The best thing for mixed \u2013 oily skins Its organic botanical agents help to purify, matify and close pores leaving your skin soft to the touch. It provides lasting balance to skins going from mixed to oil 30 ml.","og_url":"https:\/\/luzdealba.es\/en\/shop\/serum-pure-cornicabra-variety\/","og_site_name":"Luz de alba","article_publisher":"https:\/\/www.facebook.com\/fluzdealba\/","og_image":[{"width":1024,"height":683,"url":"https:\/\/luzdealba.es\/wp-content\/uploads\/2016\/02\/SERUM-PURE.jpg","type":"image\/jpeg"}],"twitter_card":"summary_large_image","twitter_site":"@AceiteLuzdeAlba","twitter_misc":{"Est. reading time":"1 minute"},"schema":{"@context":"https:\/\/schema.org","@graph":[{"@type":"WebPage","@id":"https:\/\/luzdealba.es\/en\/shop\/serum-pure-cornicabra-variety\/","url":"https:\/\/luzdealba.es\/en\/shop\/serum-pure-cornicabra-variety\/","name":"S\u00c9RUM PURE Cornicabra variety | Luz de alba","isPartOf":{"@id":"https:\/\/luzdealba.es\/#website"},"primaryImageOfPage":{"@id":"https:\/\/luzdealba.es\/en\/shop\/serum-pure-cornicabra-variety\/#primaryimage"},"image":{"@id":"https:\/\/luzdealba.es\/en\/shop\/serum-pure-cornicabra-variety\/#primaryimage"},"thumbnailUrl":"https:\/\/luzdealba.es\/wp-content\/uploads\/2016\/02\/SERUM-PURE.jpg","datePublished":"2017-11-30T08:43:23+00:00","dateModified":"2017-11-30T08:43:23+00:00","breadcrumb":{"@id":"https:\/\/luzdealba.es\/en\/shop\/serum-pure-cornicabra-variety\/#breadcrumb"},"inLanguage":"en-US","potentialAction":[{"@type":"ReadAction","target":["https:\/\/luzdealba.es\/en\/shop\/serum-pure-cornicabra-variety\/"]}]},{"@type":"ImageObject","inLanguage":"en-US","@id":"https:\/\/luzdealba.es\/en\/shop\/serum-pure-cornicabra-variety\/#primaryimage","url":"https:\/\/luzdealba.es\/wp-content\/uploads\/2016\/02\/SERUM-PURE.jpg","contentUrl":"https:\/\/luzdealba.es\/wp-content\/uploads\/2016\/02\/SERUM-PURE.jpg","width":1024,"height":683},{"@type":"BreadcrumbList","@id":"https:\/\/luzdealba.es\/en\/shop\/serum-pure-cornicabra-variety\/#breadcrumb","itemListElement":[{"@type":"ListItem","position":1,"name":"Portada","item":"https:\/\/luzdealba.es\/en\/"},{"@type":"ListItem","position":2,"name":"Todos los productos","item":"https:\/\/luzdealba.es\/tienda\/todos-los-productos\/"},{"@type":"ListItem","position":3,"name":"S\u00c9RUM PURE Cornicabra variety"}]},{"@type":"WebSite","@id":"https:\/\/luzdealba.es\/#website","url":"https:\/\/luzdealba.es\/","name":"Luz de alba","description":"","publisher":{"@id":"https:\/\/luzdealba.es\/#organization"},"potentialAction":[{"@type":"SearchAction","target":{"@type":"EntryPoint","urlTemplate":"https:\/\/luzdealba.es\/?s={search_term_string}"},"query-input":{"@type":"PropertyValueSpecification","valueRequired":true,"valueName":"search_term_string"}}],"inLanguage":"en-US"},{"@type":"Organization","@id":"https:\/\/luzdealba.es\/#organization","name":"Luz de Alba","url":"https:\/\/luzdealba.es\/","logo":{"@type":"ImageObject","inLanguage":"en-US","@id":"https:\/\/luzdealba.es\/#\/schema\/logo\/image\/","url":"https:\/\/luzdealba.es\/wp-content\/uploads\/2019\/11\/logo-web.png","contentUrl":"https:\/\/luzdealba.es\/wp-content\/uploads\/2019\/11\/logo-web.png","width":370,"height":88,"caption":"Luz de Alba"},"image":{"@id":"https:\/\/luzdealba.es\/#\/schema\/logo\/image\/"},"sameAs":["https:\/\/www.facebook.com\/fluzdealba\/","https:\/\/x.com\/AceiteLuzdeAlba","https:\/\/www.instagram.com\/luzdealba_alojamiento_rural\/","https:\/\/www.pinterest.es\/fincaluzdealba\/","https:\/\/www.youtube.com\/channel\/UCN70rUghDOmkH61Vc9INBrw"]}]}},"_links":{"self":[{"href":"https:\/\/luzdealba.es\/en\/wp-json\/wp\/v2\/product\/3418","targetHints":{"allow":["GET"]}}],"collection":[{"href":"https:\/\/luzdealba.es\/en\/wp-json\/wp\/v2\/product"}],"about":[{"href":"https:\/\/luzdealba.es\/en\/wp-json\/wp\/v2\/types\/product"}],"replies":[{"embeddable":true,"href":"https:\/\/luzdealba.es\/en\/wp-json\/wp\/v2\/comments?post=3418"}],"wp:featuredmedia":[{"embeddable":true,"href":"https:\/\/luzdealba.es\/en\/wp-json\/wp\/v2\/media\/3406"}],"wp:attachment":[{"href":"https:\/\/luzdealba.es\/en\/wp-json\/wp\/v2\/media?parent=3418"}],"wp:term":[{"taxonomy":"product_brand","embeddable":true,"href":"https:\/\/luzdealba.es\/en\/wp-json\/wp\/v2\/product_brand?post=3418"},{"taxonomy":"product_cat","embeddable":true,"href":"https:\/\/luzdealba.es\/en\/wp-json\/wp\/v2\/product_cat?post=3418"},{"taxonomy":"product_tag","embeddable":true,"href":"https:\/\/luzdealba.es\/en\/wp-json\/wp\/v2\/product_tag?post=3418"}],"curies":[{"name":"wp","href":"https:\/\/api.w.org\/{rel}","templated":true}]}}