{"id":3417,"date":"2017-11-30T08:44:05","date_gmt":"2017-11-30T08:44:05","guid":{"rendered":"https:\/\/luzdealba.es\/?post_type=product&#038;p=3417\/"},"modified":"2017-11-30T08:44:05","modified_gmt":"2017-11-30T08:44:05","slug":"serum-anti-edad-booster-picual-variety","status":"publish","type":"product","link":"https:\/\/luzdealba.es\/en\/shop\/serum-anti-edad-booster-picual-variety\/","title":{"rendered":"SERUM ANTI-EDAD BOOSTER Picual variety"},"content":{"rendered":"<p>Nuestro <strong>Serum Anti-Edad Booster<\/strong> ha sido elaborado utilizando de forma exclusiva la aceituna Picual que cultivamos en Luz de Alba. <\/p>\n<p>La sinergia de activos hidratantes y antioxidantes aportan un mayor confort y suavidad a la piel, mientras retrasan los efectos del envejecimiento cut\u00e1neo.<br \/>\nEste s\u00e9rum est\u00e1 compuesto por una selecci\u00f3n de activos bot\u00e1nicos anti-edad para corregir las arrugas de expresi\u00f3n, suavizar las arrugas profundas y dejar la piel firme, reparada y redensificada desde el interior.<br \/>\nConcentrado de activos antimanchas que aclaran, uniformizan y devuelven a la piel su luminosidad natural y le proporcionar\u00e1n a la piel un efecto &#8220;buena cara&#8221;.<br \/>\nLa piel estar\u00e1 firme, luminosa y revitalizada.<\/p>\n<p>Como cada aceite, cada s\u00e9rum tiene unas caracter\u00edsticas propias y un aroma particular y las plantas mediterr\u00e1neas hacen que su formulaci\u00f3n y resultados sean elegantes y exclusivos. <\/p>\n","protected":false},"excerpt":{"rendered":"<p><strong>Designed for mature skins<\/strong><\/p>\n<p>Its moisturising and antioxidants agents provide smoothness and comfort to the skin. It helps to delay skin ageing.<br \/>\nIt revitalizes and brings back the skin\u2019s natural luminosity<\/p>\n<p>30 ml.<\/p>\n","protected":false},"featured_media":3403,"comment_status":"open","ping_status":"open","template":"","meta":{"_acf_changed":false},"product_brand":[],"product_cat":[168],"product_tag":[],"class_list":{"0":"post-3417","1":"product","2":"type-product","3":"status-publish","4":"has-post-thumbnail","6":"product_cat-uncategorized","7":"readmore-type-button","10":"first","11":"instock","12":"taxable","13":"shipping-taxable","14":"purchasable","15":"product-type-simple"},"acf":[],"yoast_head":"<!-- This site is optimized with the Yoast SEO plugin v23.9 - https:\/\/yoast.com\/wordpress\/plugins\/seo\/ -->\n<title>SERUM ANTI-EDAD BOOSTER Picual variety | Luz de alba<\/title>\n<meta name=\"robots\" content=\"index, follow, max-snippet:-1, max-image-preview:large, max-video-preview:-1\" \/>\n<link rel=\"canonical\" href=\"https:\/\/luzdealba.es\/en\/shop\/serum-anti-edad-booster-picual-variety\/\" \/>\n<meta property=\"og:locale\" content=\"en_US\" \/>\n<meta property=\"og:type\" content=\"article\" \/>\n<meta property=\"og:title\" content=\"SERUM ANTI-EDAD BOOSTER Picual variety | Luz de alba\" \/>\n<meta property=\"og:description\" content=\"Designed for mature skins Its moisturising and antioxidants agents provide smoothness and comfort to the skin. It helps to delay skin ageing. It revitalizes and brings back the skin\u2019s natural luminosity 30 ml.\" \/>\n<meta property=\"og:url\" content=\"https:\/\/luzdealba.es\/en\/shop\/serum-anti-edad-booster-picual-variety\/\" \/>\n<meta property=\"og:site_name\" content=\"Luz de alba\" \/>\n<meta property=\"article:publisher\" content=\"https:\/\/www.facebook.com\/fluzdealba\/\" \/>\n<meta property=\"og:image\" content=\"https:\/\/luzdealba.es\/wp-content\/uploads\/2016\/02\/SERUM-BOOSTER.jpg\" \/>\n\t<meta property=\"og:image:width\" content=\"1024\" \/>\n\t<meta property=\"og:image:height\" content=\"683\" \/>\n\t<meta property=\"og:image:type\" content=\"image\/jpeg\" \/>\n<meta name=\"twitter:card\" content=\"summary_large_image\" \/>\n<meta name=\"twitter:site\" content=\"@AceiteLuzdeAlba\" \/>\n<meta name=\"twitter:label1\" content=\"Est. reading time\" \/>\n\t<meta name=\"twitter:data1\" content=\"1 minute\" \/>\n<script type=\"application\/ld+json\" class=\"yoast-schema-graph\">{\"@context\":\"https:\/\/schema.org\",\"@graph\":[{\"@type\":\"WebPage\",\"@id\":\"https:\/\/luzdealba.es\/en\/shop\/serum-anti-edad-booster-picual-variety\/\",\"url\":\"https:\/\/luzdealba.es\/en\/shop\/serum-anti-edad-booster-picual-variety\/\",\"name\":\"SERUM ANTI-EDAD BOOSTER Picual variety | Luz de alba\",\"isPartOf\":{\"@id\":\"https:\/\/luzdealba.es\/#website\"},\"primaryImageOfPage\":{\"@id\":\"https:\/\/luzdealba.es\/en\/shop\/serum-anti-edad-booster-picual-variety\/#primaryimage\"},\"image\":{\"@id\":\"https:\/\/luzdealba.es\/en\/shop\/serum-anti-edad-booster-picual-variety\/#primaryimage\"},\"thumbnailUrl\":\"https:\/\/luzdealba.es\/wp-content\/uploads\/2016\/02\/SERUM-BOOSTER.jpg\",\"datePublished\":\"2017-11-30T08:44:05+00:00\",\"dateModified\":\"2017-11-30T08:44:05+00:00\",\"breadcrumb\":{\"@id\":\"https:\/\/luzdealba.es\/en\/shop\/serum-anti-edad-booster-picual-variety\/#breadcrumb\"},\"inLanguage\":\"en-US\",\"potentialAction\":[{\"@type\":\"ReadAction\",\"target\":[\"https:\/\/luzdealba.es\/en\/shop\/serum-anti-edad-booster-picual-variety\/\"]}]},{\"@type\":\"ImageObject\",\"inLanguage\":\"en-US\",\"@id\":\"https:\/\/luzdealba.es\/en\/shop\/serum-anti-edad-booster-picual-variety\/#primaryimage\",\"url\":\"https:\/\/luzdealba.es\/wp-content\/uploads\/2016\/02\/SERUM-BOOSTER.jpg\",\"contentUrl\":\"https:\/\/luzdealba.es\/wp-content\/uploads\/2016\/02\/SERUM-BOOSTER.jpg\",\"width\":1024,\"height\":683},{\"@type\":\"BreadcrumbList\",\"@id\":\"https:\/\/luzdealba.es\/en\/shop\/serum-anti-edad-booster-picual-variety\/#breadcrumb\",\"itemListElement\":[{\"@type\":\"ListItem\",\"position\":1,\"name\":\"Portada\",\"item\":\"https:\/\/luzdealba.es\/en\/\"},{\"@type\":\"ListItem\",\"position\":2,\"name\":\"Todos los productos\",\"item\":\"https:\/\/luzdealba.es\/tienda\/todos-los-productos\/\"},{\"@type\":\"ListItem\",\"position\":3,\"name\":\"SERUM ANTI-EDAD BOOSTER Picual variety\"}]},{\"@type\":\"WebSite\",\"@id\":\"https:\/\/luzdealba.es\/#website\",\"url\":\"https:\/\/luzdealba.es\/\",\"name\":\"Luz de alba\",\"description\":\"\",\"publisher\":{\"@id\":\"https:\/\/luzdealba.es\/#organization\"},\"potentialAction\":[{\"@type\":\"SearchAction\",\"target\":{\"@type\":\"EntryPoint\",\"urlTemplate\":\"https:\/\/luzdealba.es\/?s={search_term_string}\"},\"query-input\":{\"@type\":\"PropertyValueSpecification\",\"valueRequired\":true,\"valueName\":\"search_term_string\"}}],\"inLanguage\":\"en-US\"},{\"@type\":\"Organization\",\"@id\":\"https:\/\/luzdealba.es\/#organization\",\"name\":\"Luz de Alba\",\"url\":\"https:\/\/luzdealba.es\/\",\"logo\":{\"@type\":\"ImageObject\",\"inLanguage\":\"en-US\",\"@id\":\"https:\/\/luzdealba.es\/#\/schema\/logo\/image\/\",\"url\":\"https:\/\/luzdealba.es\/wp-content\/uploads\/2019\/11\/logo-web.png\",\"contentUrl\":\"https:\/\/luzdealba.es\/wp-content\/uploads\/2019\/11\/logo-web.png\",\"width\":370,\"height\":88,\"caption\":\"Luz de Alba\"},\"image\":{\"@id\":\"https:\/\/luzdealba.es\/#\/schema\/logo\/image\/\"},\"sameAs\":[\"https:\/\/www.facebook.com\/fluzdealba\/\",\"https:\/\/x.com\/AceiteLuzdeAlba\",\"https:\/\/www.instagram.com\/luzdealba_alojamiento_rural\/\",\"https:\/\/www.pinterest.es\/fincaluzdealba\/\",\"https:\/\/www.youtube.com\/channel\/UCN70rUghDOmkH61Vc9INBrw\"]}]}<\/script>\n<!-- \/ Yoast SEO plugin. -->","yoast_head_json":{"title":"SERUM ANTI-EDAD BOOSTER Picual variety | Luz de alba","robots":{"index":"index","follow":"follow","max-snippet":"max-snippet:-1","max-image-preview":"max-image-preview:large","max-video-preview":"max-video-preview:-1"},"canonical":"https:\/\/luzdealba.es\/en\/shop\/serum-anti-edad-booster-picual-variety\/","og_locale":"en_US","og_type":"article","og_title":"SERUM ANTI-EDAD BOOSTER Picual variety | Luz de alba","og_description":"Designed for mature skins Its moisturising and antioxidants agents provide smoothness and comfort to the skin. It helps to delay skin ageing. It revitalizes and brings back the skin\u2019s natural luminosity 30 ml.","og_url":"https:\/\/luzdealba.es\/en\/shop\/serum-anti-edad-booster-picual-variety\/","og_site_name":"Luz de alba","article_publisher":"https:\/\/www.facebook.com\/fluzdealba\/","og_image":[{"width":1024,"height":683,"url":"https:\/\/luzdealba.es\/wp-content\/uploads\/2016\/02\/SERUM-BOOSTER.jpg","type":"image\/jpeg"}],"twitter_card":"summary_large_image","twitter_site":"@AceiteLuzdeAlba","twitter_misc":{"Est. reading time":"1 minute"},"schema":{"@context":"https:\/\/schema.org","@graph":[{"@type":"WebPage","@id":"https:\/\/luzdealba.es\/en\/shop\/serum-anti-edad-booster-picual-variety\/","url":"https:\/\/luzdealba.es\/en\/shop\/serum-anti-edad-booster-picual-variety\/","name":"SERUM ANTI-EDAD BOOSTER Picual variety | Luz de alba","isPartOf":{"@id":"https:\/\/luzdealba.es\/#website"},"primaryImageOfPage":{"@id":"https:\/\/luzdealba.es\/en\/shop\/serum-anti-edad-booster-picual-variety\/#primaryimage"},"image":{"@id":"https:\/\/luzdealba.es\/en\/shop\/serum-anti-edad-booster-picual-variety\/#primaryimage"},"thumbnailUrl":"https:\/\/luzdealba.es\/wp-content\/uploads\/2016\/02\/SERUM-BOOSTER.jpg","datePublished":"2017-11-30T08:44:05+00:00","dateModified":"2017-11-30T08:44:05+00:00","breadcrumb":{"@id":"https:\/\/luzdealba.es\/en\/shop\/serum-anti-edad-booster-picual-variety\/#breadcrumb"},"inLanguage":"en-US","potentialAction":[{"@type":"ReadAction","target":["https:\/\/luzdealba.es\/en\/shop\/serum-anti-edad-booster-picual-variety\/"]}]},{"@type":"ImageObject","inLanguage":"en-US","@id":"https:\/\/luzdealba.es\/en\/shop\/serum-anti-edad-booster-picual-variety\/#primaryimage","url":"https:\/\/luzdealba.es\/wp-content\/uploads\/2016\/02\/SERUM-BOOSTER.jpg","contentUrl":"https:\/\/luzdealba.es\/wp-content\/uploads\/2016\/02\/SERUM-BOOSTER.jpg","width":1024,"height":683},{"@type":"BreadcrumbList","@id":"https:\/\/luzdealba.es\/en\/shop\/serum-anti-edad-booster-picual-variety\/#breadcrumb","itemListElement":[{"@type":"ListItem","position":1,"name":"Portada","item":"https:\/\/luzdealba.es\/en\/"},{"@type":"ListItem","position":2,"name":"Todos los productos","item":"https:\/\/luzdealba.es\/tienda\/todos-los-productos\/"},{"@type":"ListItem","position":3,"name":"SERUM ANTI-EDAD BOOSTER Picual variety"}]},{"@type":"WebSite","@id":"https:\/\/luzdealba.es\/#website","url":"https:\/\/luzdealba.es\/","name":"Luz de alba","description":"","publisher":{"@id":"https:\/\/luzdealba.es\/#organization"},"potentialAction":[{"@type":"SearchAction","target":{"@type":"EntryPoint","urlTemplate":"https:\/\/luzdealba.es\/?s={search_term_string}"},"query-input":{"@type":"PropertyValueSpecification","valueRequired":true,"valueName":"search_term_string"}}],"inLanguage":"en-US"},{"@type":"Organization","@id":"https:\/\/luzdealba.es\/#organization","name":"Luz de Alba","url":"https:\/\/luzdealba.es\/","logo":{"@type":"ImageObject","inLanguage":"en-US","@id":"https:\/\/luzdealba.es\/#\/schema\/logo\/image\/","url":"https:\/\/luzdealba.es\/wp-content\/uploads\/2019\/11\/logo-web.png","contentUrl":"https:\/\/luzdealba.es\/wp-content\/uploads\/2019\/11\/logo-web.png","width":370,"height":88,"caption":"Luz de Alba"},"image":{"@id":"https:\/\/luzdealba.es\/#\/schema\/logo\/image\/"},"sameAs":["https:\/\/www.facebook.com\/fluzdealba\/","https:\/\/x.com\/AceiteLuzdeAlba","https:\/\/www.instagram.com\/luzdealba_alojamiento_rural\/","https:\/\/www.pinterest.es\/fincaluzdealba\/","https:\/\/www.youtube.com\/channel\/UCN70rUghDOmkH61Vc9INBrw"]}]}},"_links":{"self":[{"href":"https:\/\/luzdealba.es\/en\/wp-json\/wp\/v2\/product\/3417","targetHints":{"allow":["GET"]}}],"collection":[{"href":"https:\/\/luzdealba.es\/en\/wp-json\/wp\/v2\/product"}],"about":[{"href":"https:\/\/luzdealba.es\/en\/wp-json\/wp\/v2\/types\/product"}],"replies":[{"embeddable":true,"href":"https:\/\/luzdealba.es\/en\/wp-json\/wp\/v2\/comments?post=3417"}],"wp:featuredmedia":[{"embeddable":true,"href":"https:\/\/luzdealba.es\/en\/wp-json\/wp\/v2\/media\/3403"}],"wp:attachment":[{"href":"https:\/\/luzdealba.es\/en\/wp-json\/wp\/v2\/media?parent=3417"}],"wp:term":[{"taxonomy":"product_brand","embeddable":true,"href":"https:\/\/luzdealba.es\/en\/wp-json\/wp\/v2\/product_brand?post=3417"},{"taxonomy":"product_cat","embeddable":true,"href":"https:\/\/luzdealba.es\/en\/wp-json\/wp\/v2\/product_cat?post=3417"},{"taxonomy":"product_tag","embeddable":true,"href":"https:\/\/luzdealba.es\/en\/wp-json\/wp\/v2\/product_tag?post=3417"}],"curies":[{"name":"wp","href":"https:\/\/api.w.org\/{rel}","templated":true}]}}