{"id":2762,"date":"2016-01-27T11:22:21","date_gmt":"2016-01-27T11:22:21","guid":{"rendered":"https:\/\/luzdealba.es\/en\/?page_id=2762"},"modified":"2017-08-03T09:33:22","modified_gmt":"2017-08-03T09:33:22","slug":"contact","status":"publish","type":"page","link":"https:\/\/luzdealba.es\/en\/contact\/","title":{"rendered":"Contact"},"content":{"rendered":"<div class=\"row\"><div class=\"column-container col-sm-6\">\n<div class=\"wpcf7 no-js\" id=\"wpcf7-f3005-o1\" lang=\"es-ES\" dir=\"ltr\" data-wpcf7-id=\"3005\">\n<div class=\"screen-reader-response\"><p role=\"status\" aria-live=\"polite\" aria-atomic=\"true\"><\/p> <ul><\/ul><\/div>\n<form action=\"\/en\/wp-json\/wp\/v2\/pages\/2762#wpcf7-f3005-o1\" method=\"post\" class=\"wpcf7-form init\" aria-label=\"Formulario de contacto\" novalidate=\"novalidate\" data-status=\"init\">\n<div style=\"display: none;\">\n<input type=\"hidden\" name=\"_wpcf7\" value=\"3005\" \/>\n<input type=\"hidden\" name=\"_wpcf7_version\" value=\"6.0.1\" \/>\n<input type=\"hidden\" name=\"_wpcf7_locale\" value=\"es_ES\" \/>\n<input type=\"hidden\" name=\"_wpcf7_unit_tag\" value=\"wpcf7-f3005-o1\" \/>\n<input type=\"hidden\" name=\"_wpcf7_container_post\" value=\"0\" \/>\n<input type=\"hidden\" name=\"_wpcf7_posted_data_hash\" value=\"\" \/>\n<\/div>\n<div class=\"col-md-6\">\n\t<p>Name*\n\t<\/p>\n\t<p><span class=\"wpcf7-form-control-wrap\" data-name=\"your-name\"><input size=\"40\" maxlength=\"400\" class=\"wpcf7-form-control wpcf7-text wpcf7-validates-as-required\" aria-required=\"true\" aria-invalid=\"false\" value=\"\" type=\"text\" name=\"your-name\" \/><\/span>\n\t<\/p>\n<\/div>\n<div class=\"col-md-6\">\n\t<p>E-Mail*\n\t<\/p>\n\t<p><span class=\"wpcf7-form-control-wrap\" data-name=\"your-email\"><input size=\"40\" maxlength=\"400\" class=\"wpcf7-form-control wpcf7-email wpcf7-validates-as-required wpcf7-text wpcf7-validates-as-email\" aria-required=\"true\" aria-invalid=\"false\" value=\"\" type=\"email\" name=\"your-email\" \/><\/span>\n\t<\/p>\n<\/div>\n<div class=\"col-md-12\">\n\t<p>Subject\n\t<\/p>\n\t<p><span class=\"wpcf7-form-control-wrap\" data-name=\"your-subject\"><input size=\"40\" maxlength=\"400\" class=\"wpcf7-form-control wpcf7-text\" aria-invalid=\"false\" value=\"\" type=\"text\" name=\"your-subject\" \/><\/span>\n\t<\/p>\n<\/div>\n<div class=\"col-md-12\">\n\t<p>Message\n\t<\/p>\n\t<p><span class=\"wpcf7-form-control-wrap\" data-name=\"your-message\"><textarea cols=\"40\" rows=\"10\" maxlength=\"2000\" class=\"wpcf7-form-control wpcf7-textarea\" aria-invalid=\"false\" name=\"your-message\"><\/textarea><\/span>\n\t<\/p>\n<\/div>\n<div class=\"col-md-12\">\n\t<p>Message\n\t<\/p>\n\t<p style=\"font-size:11px;\"><span class=\"wpcf7-form-control-wrap\" data-name=\"checkbox-817\"><span class=\"wpcf7-form-control wpcf7-checkbox wpcf7-validates-as-required\"><span class=\"wpcf7-list-item first last\"><input type=\"checkbox\" name=\"checkbox-817[]\" value=\"He leido y estoy de acuerdo con el\" \/><span class=\"wpcf7-list-item-label\">He leido y estoy de acuerdo con el<\/span><\/span><\/span><\/span><a href=\"https:\/\/luzdealba.es\/aviso-legal-y-politica-de-privacidad\/\" target=\"_blank\" style=\"text-decoration: underline;\">Aviso Legal<\/a> de esta web\n\t<\/p>\n<\/div>\n<div class=\"col-md-12\">\n\t<p><input class=\"wpcf7-form-control wpcf7-submit has-spinner\" type=\"submit\" value=\"send\" \/>\n\t<\/p>\n<\/div><input type='hidden' class='wpcf7-pum' value='{\"closepopup\":false,\"closedelay\":0,\"openpopup\":false,\"openpopup_id\":0}' \/><div class=\"wpcf7-response-output\" aria-hidden=\"true\"><\/div>\n<\/form>\n<\/div>\n<div class=\"row\"><div class=\"column-container col-sm-12 hidden-lg hidden-md hidden-sm\"><div class=\"ts-gap-30 ts-gap-clear\" ><\/div><\/div><\/div><\/div><div class=\"column-container col-sm-6\"><div class=\"column-text\"><p>Road from Argamasilla de Alba to Ruidera, entrance Km 6.5<br \/>\nArgamasilla de Alba &#8211; 13710 &#8211; Ciudad Real (Spain)<\/p>\n<p><i class=\"fa fa-phone\"><\/i> <a href=\"tel:+34926972940\">+34 926 972 940<\/a> <i class=\"fa fa-envelope\" style=\"margin-left: 20px;\"><\/i> <a href=\"mailto:hola@luzdealba.es\">hola@luzdealba.es<\/a><\/p>\n<p>Would you like to visit us? It\u2019s easy! You can come by public transport or in your own vehicle. Don\u2019t hesitate to send us an email if you need any help with transport. Looking forward to seeing you!<\/p>\n<p><i class=\"fa fa-train\" style=\"margin-right: .5em;\"><\/i><b>TRAIN:<\/b> You can come by train to Alc\u00e1zar de San Juan, from Barcelona, Madrid, Valencia, Cordoba and Seville. We are only 33 km from Alc\u00e1zar de San Juan on the CM-42 motorway. Alc\u00e1zar de San Juan station has a car rental service. You can also come by AVE high-speed train to Ciudad Real capital and from there get to Finca Luz de Alba in just over half an hour.<\/p>\n<p><i class=\"fa fa-plane\" style=\"margin-right: .5em;\"><\/i><b>PLANE:<\/b> The nearest airports are Albacete and Madrid (Adolfo Su\u00e1rez) which are a little more than 1 hour by car from Finca Luz de Alba. At Madrid airport you can rent a car or take an express bus that leaves you in Atocha Renfe or Chamartin Station and from there the high-speed train to Ciudad Real or one of the many trains stopping at Alc\u00e1zar de San Juan.<\/p>\n<p><i class=\"fa fa-car\" style=\"margin-right: .5em;\"><\/i><b>CAR:<\/b> We are just 180 km from Madrid. Start your journey taking the A-4 (Autov\u00eda de Andaluc\u00eda) to km 119, where you take the CM-42 motorway to Tomelloso. From there head for Argamasilla de Alba, just 8 km from Tomelloso, and then take the Ruidera road that will take you directly to Finca Luz de Alba. On your journey, you can enjoy the fantastic landscapes full of vineyards and Cervantes windmills.<\/p>\n<\/div> <\/div><\/div><div class=\"row\"><div class=\"column-container col-sm-12\"><div class=\"ts-fitvids\"><iframe loading=\"lazy\" style=\"border: 0px solid none; width: 100%; height: 400px;\" src=\"https:\/\/www.google.com\/maps\/embed?pb=!1m14!1m8!1m3!1d6194.266980463064!2d-3.0555672!3d39.080657!3m2!1i1024!2i768!4f13.1!3m3!1m2!1s0x0%3A0x4eae2b261021c009!2sLuz+de+alba!5e0!3m2!1ses!2sus!4v1467623637572\" width=\"300\" height=\"150\" frameborder=\"0\" allowfullscreen=\"allowfullscreen\"><\/iframe><\/p>\n<p><\/div><\/div><\/div>\n","protected":false},"excerpt":{"rendered":"Name* E-Mail* Subject Message Message He leido y estoy de acuerdo con elAviso Legal de esta web Road from Argamasilla de Alba to Ruidera, entrance Km 6.5 Argamasilla de Alba - 13710 - Ciudad Real (Spain) +34 926 972 940 hola@luzdealba.es Would you like to visit us? It\u2019s easy! You can come by public transport [...]","protected":false},"author":2,"featured_media":0,"parent":0,"menu_order":8,"comment_status":"closed","ping_status":"closed","template":"page-templates\/full-width.php","meta":{"_acf_changed":false,"footnotes":""},"class_list":["post-2762","page","type-page","status-publish","hentry","readmore-type-button"],"acf":[],"yoast_head":"<!-- This site is optimized with the Yoast SEO plugin v23.9 - https:\/\/yoast.com\/wordpress\/plugins\/seo\/ -->\n<title>Contacto Finca Luz de Alba, Argamasilla de Alba, Ciudad Real.<\/title>\n<meta name=\"description\" content=\"Si deseas m\u00e1s informaci\u00f3n de nuestro alojamiento rural, as\u00ed como de nuestros productos no dudes en contactar con nosotros.\" \/>\n<meta name=\"robots\" content=\"noindex, follow\" \/>\n<meta property=\"og:locale\" content=\"en_US\" \/>\n<meta property=\"og:type\" content=\"article\" \/>\n<meta property=\"og:title\" content=\"Contacto Finca Luz de Alba, Argamasilla de Alba, Ciudad Real.\" \/>\n<meta property=\"og:description\" content=\"Si deseas m\u00e1s informaci\u00f3n de nuestro alojamiento rural, as\u00ed como de nuestros productos no dudes en contactar con nosotros.\" \/>\n<meta property=\"og:url\" content=\"https:\/\/luzdealba.es\/en\/contact\/\" \/>\n<meta property=\"og:site_name\" content=\"Luz de alba\" \/>\n<meta property=\"article:publisher\" content=\"https:\/\/www.facebook.com\/fluzdealba\/\" \/>\n<meta property=\"article:modified_time\" content=\"2017-08-03T09:33:22+00:00\" \/>\n<meta property=\"og:image\" content=\"https:\/\/luzdealba.es\/wp-content\/uploads\/2019\/09\/escapada-rural-perfecta.jpg\" \/>\n<meta name=\"twitter:card\" content=\"summary_large_image\" \/>\n<meta name=\"twitter:site\" content=\"@AceiteLuzdeAlba\" \/>\n<meta name=\"twitter:label1\" content=\"Est. reading time\" \/>\n\t<meta name=\"twitter:data1\" content=\"2 minutes\" \/>\n<script type=\"application\/ld+json\" class=\"yoast-schema-graph\">{\"@context\":\"https:\/\/schema.org\",\"@graph\":[{\"@type\":\"WebPage\",\"@id\":\"https:\/\/luzdealba.es\/en\/contact\/\",\"url\":\"https:\/\/luzdealba.es\/en\/contact\/\",\"name\":\"Contacto Finca Luz de Alba, Argamasilla de Alba, Ciudad Real.\",\"isPartOf\":{\"@id\":\"https:\/\/luzdealba.es\/#website\"},\"datePublished\":\"2016-01-27T11:22:21+00:00\",\"dateModified\":\"2017-08-03T09:33:22+00:00\",\"description\":\"Si deseas m\u00e1s informaci\u00f3n de nuestro alojamiento rural, as\u00ed como de nuestros productos no dudes en contactar con nosotros.\",\"breadcrumb\":{\"@id\":\"https:\/\/luzdealba.es\/en\/contact\/#breadcrumb\"},\"inLanguage\":\"en-US\",\"potentialAction\":[{\"@type\":\"ReadAction\",\"target\":[\"https:\/\/luzdealba.es\/en\/contact\/\"]}]},{\"@type\":\"BreadcrumbList\",\"@id\":\"https:\/\/luzdealba.es\/en\/contact\/#breadcrumb\",\"itemListElement\":[{\"@type\":\"ListItem\",\"position\":1,\"name\":\"Portada\",\"item\":\"https:\/\/luzdealba.es\/en\/\"},{\"@type\":\"ListItem\",\"position\":2,\"name\":\"Contact\"}]},{\"@type\":\"WebSite\",\"@id\":\"https:\/\/luzdealba.es\/#website\",\"url\":\"https:\/\/luzdealba.es\/\",\"name\":\"Luz de alba\",\"description\":\"\",\"publisher\":{\"@id\":\"https:\/\/luzdealba.es\/#organization\"},\"potentialAction\":[{\"@type\":\"SearchAction\",\"target\":{\"@type\":\"EntryPoint\",\"urlTemplate\":\"https:\/\/luzdealba.es\/?s={search_term_string}\"},\"query-input\":{\"@type\":\"PropertyValueSpecification\",\"valueRequired\":true,\"valueName\":\"search_term_string\"}}],\"inLanguage\":\"en-US\"},{\"@type\":\"Organization\",\"@id\":\"https:\/\/luzdealba.es\/#organization\",\"name\":\"Luz de Alba\",\"url\":\"https:\/\/luzdealba.es\/\",\"logo\":{\"@type\":\"ImageObject\",\"inLanguage\":\"en-US\",\"@id\":\"https:\/\/luzdealba.es\/#\/schema\/logo\/image\/\",\"url\":\"https:\/\/luzdealba.es\/wp-content\/uploads\/2019\/11\/logo-web.png\",\"contentUrl\":\"https:\/\/luzdealba.es\/wp-content\/uploads\/2019\/11\/logo-web.png\",\"width\":370,\"height\":88,\"caption\":\"Luz de Alba\"},\"image\":{\"@id\":\"https:\/\/luzdealba.es\/#\/schema\/logo\/image\/\"},\"sameAs\":[\"https:\/\/www.facebook.com\/fluzdealba\/\",\"https:\/\/x.com\/AceiteLuzdeAlba\",\"https:\/\/www.instagram.com\/luzdealba_alojamiento_rural\/\",\"https:\/\/www.pinterest.es\/fincaluzdealba\/\",\"https:\/\/www.youtube.com\/channel\/UCN70rUghDOmkH61Vc9INBrw\"]}]}<\/script>\n<!-- \/ Yoast SEO plugin. -->","yoast_head_json":{"title":"Contacto Finca Luz de Alba, Argamasilla de Alba, Ciudad Real.","description":"Si deseas m\u00e1s informaci\u00f3n de nuestro alojamiento rural, as\u00ed como de nuestros productos no dudes en contactar con nosotros.","robots":{"index":"noindex","follow":"follow"},"og_locale":"en_US","og_type":"article","og_title":"Contacto Finca Luz de Alba, Argamasilla de Alba, Ciudad Real.","og_description":"Si deseas m\u00e1s informaci\u00f3n de nuestro alojamiento rural, as\u00ed como de nuestros productos no dudes en contactar con nosotros.","og_url":"https:\/\/luzdealba.es\/en\/contact\/","og_site_name":"Luz de alba","article_publisher":"https:\/\/www.facebook.com\/fluzdealba\/","article_modified_time":"2017-08-03T09:33:22+00:00","og_image":[{"url":"https:\/\/luzdealba.es\/wp-content\/uploads\/2019\/09\/escapada-rural-perfecta.jpg"}],"twitter_card":"summary_large_image","twitter_site":"@AceiteLuzdeAlba","twitter_misc":{"Est. reading time":"2 minutes"},"schema":{"@context":"https:\/\/schema.org","@graph":[{"@type":"WebPage","@id":"https:\/\/luzdealba.es\/en\/contact\/","url":"https:\/\/luzdealba.es\/en\/contact\/","name":"Contacto Finca Luz de Alba, Argamasilla de Alba, Ciudad Real.","isPartOf":{"@id":"https:\/\/luzdealba.es\/#website"},"datePublished":"2016-01-27T11:22:21+00:00","dateModified":"2017-08-03T09:33:22+00:00","description":"Si deseas m\u00e1s informaci\u00f3n de nuestro alojamiento rural, as\u00ed como de nuestros productos no dudes en contactar con nosotros.","breadcrumb":{"@id":"https:\/\/luzdealba.es\/en\/contact\/#breadcrumb"},"inLanguage":"en-US","potentialAction":[{"@type":"ReadAction","target":["https:\/\/luzdealba.es\/en\/contact\/"]}]},{"@type":"BreadcrumbList","@id":"https:\/\/luzdealba.es\/en\/contact\/#breadcrumb","itemListElement":[{"@type":"ListItem","position":1,"name":"Portada","item":"https:\/\/luzdealba.es\/en\/"},{"@type":"ListItem","position":2,"name":"Contact"}]},{"@type":"WebSite","@id":"https:\/\/luzdealba.es\/#website","url":"https:\/\/luzdealba.es\/","name":"Luz de alba","description":"","publisher":{"@id":"https:\/\/luzdealba.es\/#organization"},"potentialAction":[{"@type":"SearchAction","target":{"@type":"EntryPoint","urlTemplate":"https:\/\/luzdealba.es\/?s={search_term_string}"},"query-input":{"@type":"PropertyValueSpecification","valueRequired":true,"valueName":"search_term_string"}}],"inLanguage":"en-US"},{"@type":"Organization","@id":"https:\/\/luzdealba.es\/#organization","name":"Luz de Alba","url":"https:\/\/luzdealba.es\/","logo":{"@type":"ImageObject","inLanguage":"en-US","@id":"https:\/\/luzdealba.es\/#\/schema\/logo\/image\/","url":"https:\/\/luzdealba.es\/wp-content\/uploads\/2019\/11\/logo-web.png","contentUrl":"https:\/\/luzdealba.es\/wp-content\/uploads\/2019\/11\/logo-web.png","width":370,"height":88,"caption":"Luz de Alba"},"image":{"@id":"https:\/\/luzdealba.es\/#\/schema\/logo\/image\/"},"sameAs":["https:\/\/www.facebook.com\/fluzdealba\/","https:\/\/x.com\/AceiteLuzdeAlba","https:\/\/www.instagram.com\/luzdealba_alojamiento_rural\/","https:\/\/www.pinterest.es\/fincaluzdealba\/","https:\/\/www.youtube.com\/channel\/UCN70rUghDOmkH61Vc9INBrw"]}]}},"_links":{"self":[{"href":"https:\/\/luzdealba.es\/en\/wp-json\/wp\/v2\/pages\/2762","targetHints":{"allow":["GET"]}}],"collection":[{"href":"https:\/\/luzdealba.es\/en\/wp-json\/wp\/v2\/pages"}],"about":[{"href":"https:\/\/luzdealba.es\/en\/wp-json\/wp\/v2\/types\/page"}],"author":[{"embeddable":true,"href":"https:\/\/luzdealba.es\/en\/wp-json\/wp\/v2\/users\/2"}],"replies":[{"embeddable":true,"href":"https:\/\/luzdealba.es\/en\/wp-json\/wp\/v2\/comments?post=2762"}],"version-history":[{"count":10,"href":"https:\/\/luzdealba.es\/en\/wp-json\/wp\/v2\/pages\/2762\/revisions"}],"predecessor-version":[{"id":3006,"href":"https:\/\/luzdealba.es\/en\/wp-json\/wp\/v2\/pages\/2762\/revisions\/3006"}],"wp:attachment":[{"href":"https:\/\/luzdealba.es\/en\/wp-json\/wp\/v2\/media?parent=2762"}],"curies":[{"name":"wp","href":"https:\/\/api.w.org\/{rel}","templated":true}]}}