{"id":2150,"date":"2015-12-24T09:09:49","date_gmt":"2015-12-24T09:09:49","guid":{"rendered":"https:\/\/luzdealba.es\/en\/?page_id=2150"},"modified":"2019-12-11T13:48:31","modified_gmt":"2019-12-11T13:48:31","slug":"olive-oils","status":"publish","type":"page","link":"https:\/\/luzdealba.es\/en\/olive-oils\/","title":{"rendered":"Olive Oils"},"content":{"rendered":"<div class=\"row texto-blanco-calado no-padding space-40\" style=\"background-image:url(https:\/\/luzdealba.es\/wp-content\/uploads\/2015\/12\/bodegonbotella.jpg); background-repeat:no-repeat; background-attachment:fixed; background-position:center top; \"><div class=\"column-container col-sm-12\"><h1>ACEITE LUZ DE ALBA<\/h1><div class=\"column-text\"><p>Pure olive juice 100% organic<\/p>\n<\/div> <div class=\"row\"><div class=\"column-container col-sm-12 hidden-md hidden-sm hidden-xs\"><div class=\"ts-gap ts-gap-clear\" style=\"margin-top:200px;\"><\/div><\/div><div class=\"column-container col-sm-12 hidden-lg hidden-sm hidden-xs\"><div class=\"ts-gap ts-gap-clear\" style=\"margin-top:200px;\"><\/div><\/div><div class=\"column-container col-sm-12 hidden-lg hidden-md hidden-xs\"><div class=\"ts-gap ts-gap-clear\" style=\"margin-top:180px;\"><\/div><\/div><div class=\"column-container col-sm-12 hidden-lg hidden-md hidden-sm\"><div class=\"ts-gap ts-gap-clear\" style=\"margin-top:100px;\"><\/div><\/div><\/div><\/div><\/div><div class=\"row\"><div class=\"column-container col-sm-12\"><div class=\"column-text\"><\/div> <\/div><\/div><div class=\"row aceite space-20\"><div class=\"column-container col-sm-12 hidden-xs\"><div class=\"ts-gap-30 ts-gap-clear\" ><\/div><\/div><div class=\"column-container col-sm-4\"><h3>Innovaci\u00f3n y vanguardia<\/h3><div class=\"column-text\"><p style=\"text-align: justify;\">Luz de Alba apuesta por mejorar la producci\u00f3n de aceite a trav\u00e9s de t\u00e9cnicas de vanguardia, tanto en el cultivo como en la elaboraci\u00f3n, con la finalidad de recuperar la esencia del aceite de oliva m\u00e1s tradicional. La obtenci\u00f3n del aceite Luz de Alba se realiza exclusivamente con procedimientos mec\u00e1nicos o por otros medios f\u00edsicos que nunca alteran la calidad natural del producto. Adem\u00e1s, no han tenido m\u00e1s tratamiento que el lavado, la decantaci\u00f3n, la centrifugaci\u00f3n y el filtrado; un proceso 100% natural y seg\u00fan marca la tradici\u00f3n. Una vez obtenido, el aceite es conservado en nuestra bodega en condiciones \u00f3ptimas de temperatura, luz, ox\u00edgeno\u2026 Y por \u00faltimo, el envasado se realiza bajo pedido \u2013no antes- en botellas de vidrio oscuro que garantizan la conservaci\u00f3n de todas las propiedades del aceite.<\/p>\n<\/div> <\/div><div class=\"column-container col-sm-4\"><h3>Sostenibilidad, ecolog\u00eda y salud<\/h3><div class=\"column-text\"><p style=\"text-align: justify;\">Un aceite de la calidad de Luz de Alba solo es posible con un extremo cuidado del medio ambiente. Nuestro sabor es el resultado de un cultivo y producci\u00f3n 100% ecol\u00f3gico. En Finca Luz de Alba se utilizan energ\u00edas renovables, como la energ\u00eda solar, y se aprovecha el 100% del cultivo de aceituna: primero con la extracci\u00f3n del aceite, luego los huesos como biomasa y el resto como compost para el abono de los olivos. Estos procesos son el ejemplo de nuestro compromiso con la sostenibilidad y adem\u00e1s garantizan que se conserven las cualidades beneficiosas para nuestra salud que posee el aceite de oliva. Se ha demostrado que el aceite de oliva es un gran protector ante enfermedades cardiovasculares, contribuye a reducir los niveles de colesterol malo, mejora la circulaci\u00f3n sangu\u00ednea, previene la p\u00e9rdida de calcio y frena la oxidaci\u00f3n celular, entre otras muchas virtudes.<\/p>\n<\/div> <\/div><div class=\"column-container col-sm-4\"><h3>Car\u00e1cter manchego<\/h3><div class=\"column-text\"><p style=\"text-align: justify;\">El entorno en el que se ubica Luz de Alba, en Argamasilla de Alba, en pleno coraz\u00f3n de La Mancha, es lo que nos hace diferentes. Luz de Alba, sus aceites, sus productos, el proyecto en general, no podr\u00eda existir en ninguna otra parte del mundo. El clima, las particularidades propicias del terreno, la tradici\u00f3n y el car\u00e1cter manchego son elementos cruciales en el contenido de cada botella de Luz de Alba. Y nuestra ambici\u00f3n es que esa singularidad local pueda conocerse y valorarse a nivel global. Por eso Luz de Alba quiere servir como punto de encuentro para profesionales del sector. Juntos haremos que el aceite de oliva espa\u00f1ol y de La Mancha compita m\u00e1s eficazmente en el mundo. Por eso impulsamos la organizaci\u00f3n de cursos, catas, encuentros profesionales y todo tipo de eventos sectoriales.<\/p>\n<\/div> <\/div><div class=\"column-container col-sm-12 hidden-xs\"><div class=\"ts-gap-40 ts-gap-clear\" ><\/div><\/div><\/div><div class=\"row aceite no-padding\"><div class=\"column-container col-sm-12\"><h3>Cinco aceites monovarietales<\/h3><div class=\"column-text\"><p style=\"text-align: justify;\">El aceite de oliva es el ingrediente central de la dieta Mediterr\u00e1nea y desde Luz de Alba queremos que el conocimiento sobre este producto est\u00e9 al alcance de cualquiera. Por eso nos esforzamos en explicar todas y cada una de sus propiedades, organizamos catas, participamos activamente en la divulgaci\u00f3n de la cultura del aceite y por eso ponemos en el mercado aceite de la m\u00e1xima pureza y elaborado con una \u00fanica variedad de aceituna: Manzanilla Cacere\u00f1a, Arbequina, Picual, Royal de Cazorla y Cornicabra. Todos ellos son aceites de una gran personalidad y con una acidez muy reducida, inferior a los 02 grados.<\/p>\n<\/div> <\/div><\/div><div class=\"row no-padding\"><div class=\"column-container col-sm-12\"><img decoding=\"async\" src=\"https:\/\/luzdealba.es\/wp-content\/uploads\/2015\/12\/aceitesproducto.jpg\" class=\"fluid-image\" alt=\"\" \/><\/div><\/div><div class=\"row variaciones\"><div class=\"column-container col-sm-12 hidden-xs\"><div class=\"ts-gap-30 ts-gap-clear\" ><\/div><\/div><div class=\"column-container col-sm-3 col-lg-2 col-md-3 col-xs-7 variacion\"><h4>MANZANILLA CACERE\u00d1A<\/h4><div class=\"column-text\"><p style=\"text-align: justify;\">Aceite muy frutado, delicado, suave en boca con un equilibrio entre amargo y picante para terminar con una intensa sensaci\u00f3n de fruta fresca. En nariz nos presenta aromas a hierba reci\u00e9n cortada, kiwi, tomatera, almendra, menta y albahaca.<br \/>\nEs una variedad minoritaria, que hemos plantado en Finca Luz de Alba y que nos ofrece un aceite elegante, muy diferente y muy estable (vida m\u00e1s larga).<br \/>\nIdeal para potenciar el aroma de cualquier alimento y el sabor de pur\u00e9s, quesos, pescados, tostadas, ensaladas y preparados fr\u00edos.<\/p>\n<\/div> <\/div><div class=\"column-container col-sm-4 col-lg-2 col-md-3 col-xs-7 variacion\"><h4>ARBEQUINA<\/h4><div class=\"column-text\"><p style=\"text-align: justify;\">Aceite frutado con exquisito sabor, dulce, suave y delicado en boca, con ligero amargo y picante. En nariz recuerda a la manzana, pl\u00e1tano, hierbas arom\u00e1ticas, almendra y vestigios de tomate.<br \/>\nEs un aceite muy fresco que por su composici\u00f3n resulta imprescindible consumirlo lo antes posible, mantenerlo en la oscuridad y a temperatura adecuada.<br \/>\nIdeal para usar con vegetales frescos o cocinados, pescado al vapor o a la brasa, ensaladas, mariscos, adobos, conservas y emulsiones. Es un aceite muy adecuado para platos delicados como salsas y reposter\u00eda,\u00a0 que aporta sabor sin tapar al resto de condimentos.<\/p>\n<\/div> <\/div><div class=\"column-container col-sm-4 col-lg-2 col-md-3 col-xs-7 variacion\"><h4>PICUAL<\/h4><div class=\"column-text\"><p style=\"text-align: justify;\">Aceite frutado con una intensidad media de amargo y picante, que dotan a este aceite de una gran personalidad. En boca entra suave pero con cuerpo, su picante evoluciona a pimienta, almendrado y muy equilibrado. En nariz nos recuerda a la tomatera y el tomate, al pl\u00e1tano, manzana, hierba reci\u00e9n cortada y alcachofa.<br \/>\nEs un aceite excelente por su composici\u00f3n de \u00e1cidos grasos y su cantidad de antioxidantes naturales,\u00a0 lo que le convierten en un aceite muy saludable. Su elevado contenido en polifenoles hacen que sea una aceite muy estable, lo que le confiere un mayor per\u00edodo de vida y excelente comportamiento frente al uso t\u00e9rmico en cocina.<br \/>\nIdeal para potenciar el sabor de embutidos, tostadas, preparados crudos y fr\u00edos, ensaladas, adobos, rehogados y fritos.<\/p>\n<\/div> <\/div><div class=\"column-container col-sm-4 col-lg-2 col-md-3 col-xs-7 variacion\"><h4>ROYAL DE CAZORLA<\/h4><div class=\"column-text\"><p style=\"text-align: justify;\">Aceite frutado, dulce, suave, delicado, elegante, con un amargo y picor apenas imperceptibles. En nariz nos ofrece aromas a hierba reci\u00e9n cortada, higo maduro, pl\u00e1tano, vainilla, alcachofa, pi\u00f1a y frutos secos.<br \/>\nEs una variedad minoritaria, aut\u00f3ctona de la Sierra de Cazorla, que durante a\u00f1os se ha encontrado al borde de la extinci\u00f3n y que hemos plantado en nuestras fincas de La Mancha, donde se ha adaptado de forma extraordinaria, lo que le confiere una personalidad y caracter\u00edsticas \u00fanicas.<br \/>\nIdeal para todo tipo de ensaladas, recetas fr\u00edas, pescados, reposter\u00eda, salsas y tostadas.<\/p>\n<\/div> <\/div><div class=\"column-container col-sm-4 col-lg-2 col-md-3 col-xs-7 variacion\"><h4>CORNICABRA<\/h4><div class=\"column-text\"><p>Aceite frutado, con un arm\u00f3nico equilibrio entre el amargo y el picante de intensidad media. La textura de este aceite de oliva es fluida y aterciopelada. En nariz nos recuerda a la manzana, almendra amarga, alcachofa, aguacate y especias. Ofrece excelentes aromas y sabores y una sobriedad y equilibrio notables.<br \/>\nPresenta una composici\u00f3n equilibrada de \u00e1cidos grasos esenciales, alto contenido en \u00e1cido oleico, \u00e1cidos grasos monoinsaturados que dan como resultado un aceite muy saludable.<br \/>\nIdeal para potenciar el sabor de ensaladas, tostadas, verduras, asados, rehogados y fritos.<\/p>\n<\/div> <\/div><div class=\"column-container col-sm-12 hidden-lg hidden-md hidden-sm hidden-xs\"><div class=\"ts-gap-30 ts-gap-clear\" ><\/div><\/div><\/div><div class=\"row aceite\"><div class=\"column-container col-sm-12 hidden-xs\"><div class=\"ts-gap-40 ts-gap-clear\" ><\/div><\/div><div class=\"column-container col-sm-12\"><div class=\"text-center\"><a class=\"ts-button ts-color-default ts-button-medium\" href=\"https:\/\/luzdealba.es\/categoria-producto\/aceite-de-oliva\/\" title=\"COMPRA ONLINE NUESTROS ACEITES\"><span class=\"ts-button-title\">COMPRA ONLINE NUESTROS ACEITES<\/span><\/a><\/div><\/div><div class=\"column-container col-sm-12 hidden-md hidden-sm hidden-xs\"><div class=\"ts-gap-30 ts-gap-clear\" ><\/div><\/div><div class=\"column-container col-sm-12 hidden-xs\"><div class=\"ts-gap-40 ts-gap-clear\" ><\/div><\/div><\/div>\n","protected":false},"excerpt":{"rendered":"ACEITE LUZ DE ALBAPure olive juice 100% organic Innovaci\u00f3n y vanguardiaLuz de Alba apuesta por mejorar la producci\u00f3n de aceite a trav\u00e9s de t\u00e9cnicas de vanguardia, tanto en el cultivo como en la elaboraci\u00f3n, con la finalidad de recuperar la esencia del aceite de oliva m\u00e1s tradicional. La obtenci\u00f3n del aceite Luz de Alba se [...]","protected":false},"author":2,"featured_media":0,"parent":0,"menu_order":3,"comment_status":"closed","ping_status":"closed","template":"page-templates\/full-width.php","meta":{"_acf_changed":false,"footnotes":""},"class_list":["post-2150","page","type-page","status-publish","hentry","readmore-type-button"],"acf":[],"yoast_head":"<!-- This site is optimized with the Yoast SEO plugin v23.9 - https:\/\/yoast.com\/wordpress\/plugins\/seo\/ -->\n<title>Aceite de oliva virgen extra 100% ecol\u00f3gico<\/title>\n<meta name=\"description\" content=\"Elaboramos un aceite 100% ecol\u00f3gico mimado y tratado con el mayor cuidado y respeto para conseguir un aceite de oliva virgen extra ecol\u00f3gico. \u00a1Pru\u00e9balo!\" \/>\n<meta name=\"robots\" content=\"noindex, nofollow\" \/>\n<meta property=\"og:locale\" content=\"en_US\" \/>\n<meta property=\"og:type\" content=\"article\" \/>\n<meta property=\"og:title\" content=\"Aceite de oliva virgen extra 100% ecol\u00f3gico\" \/>\n<meta property=\"og:description\" content=\"Elaboramos un aceite 100% ecol\u00f3gico mimado y tratado con el mayor cuidado y respeto para conseguir un aceite de oliva virgen extra ecol\u00f3gico. \u00a1Pru\u00e9balo!\" \/>\n<meta property=\"og:url\" content=\"https:\/\/luzdealba.es\/en\/olive-oils\/\" \/>\n<meta property=\"og:site_name\" content=\"Luz de alba\" \/>\n<meta property=\"article:publisher\" content=\"https:\/\/www.facebook.com\/fluzdealba\/\" \/>\n<meta property=\"article:modified_time\" content=\"2019-12-11T13:48:31+00:00\" \/>\n<meta property=\"og:image\" content=\"https:\/\/luzdealba.es\/wp-content\/uploads\/2019\/09\/escapada-rural-perfecta.jpg\" \/>\n<meta name=\"twitter:card\" content=\"summary_large_image\" \/>\n<meta name=\"twitter:site\" content=\"@AceiteLuzdeAlba\" \/>\n<meta name=\"twitter:label1\" content=\"Est. reading time\" \/>\n\t<meta name=\"twitter:data1\" content=\"8 minutes\" \/>\n<script type=\"application\/ld+json\" class=\"yoast-schema-graph\">{\"@context\":\"https:\/\/schema.org\",\"@graph\":[{\"@type\":\"WebPage\",\"@id\":\"https:\/\/luzdealba.es\/en\/olive-oils\/\",\"url\":\"https:\/\/luzdealba.es\/en\/olive-oils\/\",\"name\":\"Aceite de oliva virgen extra 100% ecol\u00f3gico\",\"isPartOf\":{\"@id\":\"https:\/\/luzdealba.es\/#website\"},\"datePublished\":\"2015-12-24T09:09:49+00:00\",\"dateModified\":\"2019-12-11T13:48:31+00:00\",\"description\":\"Elaboramos un aceite 100% ecol\u00f3gico mimado y tratado con el mayor cuidado y respeto para conseguir un aceite de oliva virgen extra ecol\u00f3gico. \u00a1Pru\u00e9balo!\",\"breadcrumb\":{\"@id\":\"https:\/\/luzdealba.es\/en\/olive-oils\/#breadcrumb\"},\"inLanguage\":\"en-US\",\"potentialAction\":[{\"@type\":\"ReadAction\",\"target\":[\"https:\/\/luzdealba.es\/en\/olive-oils\/\"]}]},{\"@type\":\"BreadcrumbList\",\"@id\":\"https:\/\/luzdealba.es\/en\/olive-oils\/#breadcrumb\",\"itemListElement\":[{\"@type\":\"ListItem\",\"position\":1,\"name\":\"Portada\",\"item\":\"https:\/\/luzdealba.es\/en\/\"},{\"@type\":\"ListItem\",\"position\":2,\"name\":\"Olive Oils\"}]},{\"@type\":\"WebSite\",\"@id\":\"https:\/\/luzdealba.es\/#website\",\"url\":\"https:\/\/luzdealba.es\/\",\"name\":\"Luz de alba\",\"description\":\"\",\"publisher\":{\"@id\":\"https:\/\/luzdealba.es\/#organization\"},\"potentialAction\":[{\"@type\":\"SearchAction\",\"target\":{\"@type\":\"EntryPoint\",\"urlTemplate\":\"https:\/\/luzdealba.es\/?s={search_term_string}\"},\"query-input\":{\"@type\":\"PropertyValueSpecification\",\"valueRequired\":true,\"valueName\":\"search_term_string\"}}],\"inLanguage\":\"en-US\"},{\"@type\":\"Organization\",\"@id\":\"https:\/\/luzdealba.es\/#organization\",\"name\":\"Luz de Alba\",\"url\":\"https:\/\/luzdealba.es\/\",\"logo\":{\"@type\":\"ImageObject\",\"inLanguage\":\"en-US\",\"@id\":\"https:\/\/luzdealba.es\/#\/schema\/logo\/image\/\",\"url\":\"https:\/\/luzdealba.es\/wp-content\/uploads\/2019\/11\/logo-web.png\",\"contentUrl\":\"https:\/\/luzdealba.es\/wp-content\/uploads\/2019\/11\/logo-web.png\",\"width\":370,\"height\":88,\"caption\":\"Luz de Alba\"},\"image\":{\"@id\":\"https:\/\/luzdealba.es\/#\/schema\/logo\/image\/\"},\"sameAs\":[\"https:\/\/www.facebook.com\/fluzdealba\/\",\"https:\/\/x.com\/AceiteLuzdeAlba\",\"https:\/\/www.instagram.com\/luzdealba_alojamiento_rural\/\",\"https:\/\/www.pinterest.es\/fincaluzdealba\/\",\"https:\/\/www.youtube.com\/channel\/UCN70rUghDOmkH61Vc9INBrw\"]}]}<\/script>\n<!-- \/ Yoast SEO plugin. -->","yoast_head_json":{"title":"Aceite de oliva virgen extra 100% ecol\u00f3gico","description":"Elaboramos un aceite 100% ecol\u00f3gico mimado y tratado con el mayor cuidado y respeto para conseguir un aceite de oliva virgen extra ecol\u00f3gico. \u00a1Pru\u00e9balo!","robots":{"index":"noindex","follow":"nofollow"},"og_locale":"en_US","og_type":"article","og_title":"Aceite de oliva virgen extra 100% ecol\u00f3gico","og_description":"Elaboramos un aceite 100% ecol\u00f3gico mimado y tratado con el mayor cuidado y respeto para conseguir un aceite de oliva virgen extra ecol\u00f3gico. \u00a1Pru\u00e9balo!","og_url":"https:\/\/luzdealba.es\/en\/olive-oils\/","og_site_name":"Luz de alba","article_publisher":"https:\/\/www.facebook.com\/fluzdealba\/","article_modified_time":"2019-12-11T13:48:31+00:00","og_image":[{"url":"https:\/\/luzdealba.es\/wp-content\/uploads\/2019\/09\/escapada-rural-perfecta.jpg"}],"twitter_card":"summary_large_image","twitter_site":"@AceiteLuzdeAlba","twitter_misc":{"Est. reading time":"8 minutes"},"schema":{"@context":"https:\/\/schema.org","@graph":[{"@type":"WebPage","@id":"https:\/\/luzdealba.es\/en\/olive-oils\/","url":"https:\/\/luzdealba.es\/en\/olive-oils\/","name":"Aceite de oliva virgen extra 100% ecol\u00f3gico","isPartOf":{"@id":"https:\/\/luzdealba.es\/#website"},"datePublished":"2015-12-24T09:09:49+00:00","dateModified":"2019-12-11T13:48:31+00:00","description":"Elaboramos un aceite 100% ecol\u00f3gico mimado y tratado con el mayor cuidado y respeto para conseguir un aceite de oliva virgen extra ecol\u00f3gico. \u00a1Pru\u00e9balo!","breadcrumb":{"@id":"https:\/\/luzdealba.es\/en\/olive-oils\/#breadcrumb"},"inLanguage":"en-US","potentialAction":[{"@type":"ReadAction","target":["https:\/\/luzdealba.es\/en\/olive-oils\/"]}]},{"@type":"BreadcrumbList","@id":"https:\/\/luzdealba.es\/en\/olive-oils\/#breadcrumb","itemListElement":[{"@type":"ListItem","position":1,"name":"Portada","item":"https:\/\/luzdealba.es\/en\/"},{"@type":"ListItem","position":2,"name":"Olive Oils"}]},{"@type":"WebSite","@id":"https:\/\/luzdealba.es\/#website","url":"https:\/\/luzdealba.es\/","name":"Luz de alba","description":"","publisher":{"@id":"https:\/\/luzdealba.es\/#organization"},"potentialAction":[{"@type":"SearchAction","target":{"@type":"EntryPoint","urlTemplate":"https:\/\/luzdealba.es\/?s={search_term_string}"},"query-input":{"@type":"PropertyValueSpecification","valueRequired":true,"valueName":"search_term_string"}}],"inLanguage":"en-US"},{"@type":"Organization","@id":"https:\/\/luzdealba.es\/#organization","name":"Luz de Alba","url":"https:\/\/luzdealba.es\/","logo":{"@type":"ImageObject","inLanguage":"en-US","@id":"https:\/\/luzdealba.es\/#\/schema\/logo\/image\/","url":"https:\/\/luzdealba.es\/wp-content\/uploads\/2019\/11\/logo-web.png","contentUrl":"https:\/\/luzdealba.es\/wp-content\/uploads\/2019\/11\/logo-web.png","width":370,"height":88,"caption":"Luz de Alba"},"image":{"@id":"https:\/\/luzdealba.es\/#\/schema\/logo\/image\/"},"sameAs":["https:\/\/www.facebook.com\/fluzdealba\/","https:\/\/x.com\/AceiteLuzdeAlba","https:\/\/www.instagram.com\/luzdealba_alojamiento_rural\/","https:\/\/www.pinterest.es\/fincaluzdealba\/","https:\/\/www.youtube.com\/channel\/UCN70rUghDOmkH61Vc9INBrw"]}]}},"_links":{"self":[{"href":"https:\/\/luzdealba.es\/en\/wp-json\/wp\/v2\/pages\/2150","targetHints":{"allow":["GET"]}}],"collection":[{"href":"https:\/\/luzdealba.es\/en\/wp-json\/wp\/v2\/pages"}],"about":[{"href":"https:\/\/luzdealba.es\/en\/wp-json\/wp\/v2\/types\/page"}],"author":[{"embeddable":true,"href":"https:\/\/luzdealba.es\/en\/wp-json\/wp\/v2\/users\/2"}],"replies":[{"embeddable":true,"href":"https:\/\/luzdealba.es\/en\/wp-json\/wp\/v2\/comments?post=2150"}],"version-history":[{"count":12,"href":"https:\/\/luzdealba.es\/en\/wp-json\/wp\/v2\/pages\/2150\/revisions"}],"predecessor-version":[{"id":3828,"href":"https:\/\/luzdealba.es\/en\/wp-json\/wp\/v2\/pages\/2150\/revisions\/3828"}],"wp:attachment":[{"href":"https:\/\/luzdealba.es\/en\/wp-json\/wp\/v2\/media?parent=2150"}],"curies":[{"name":"wp","href":"https:\/\/api.w.org\/{rel}","templated":true}]}}