{"id":3630,"date":"2017-07-06T14:23:17","date_gmt":"2017-07-06T14:23:17","guid":{"rendered":"https:\/\/luzdealba.es\/alojamientos\/?page_id=3630"},"modified":"2020-03-04T10:04:15","modified_gmt":"2020-03-04T10:04:15","slug":"bonos-empresas","status":"publish","type":"page","link":"https:\/\/luzdealba.es\/alojamientos\/bonos-empresas\/","title":{"rendered":"Bonos empresas"},"content":{"rendered":"<div id='layer_slider_1' class='avia-layerslider main_color avia-shadow  container_wrap sidebar_right'    style='height: 651px;' ><\/div>\n<div style='padding-bottom:10px;' class='av-special-heading av-special-heading-h1    '><h1 class='av-special-heading-tag'  itemprop=\"headline\"  >CONQUISTA EL CORAZ\u00d3N DE TUS CLIENTES Y EMPLEADOS<\/h1><div class='special-heading-border'><div class='special-heading-inner-border' ><\/div><\/div><\/div>\n<section class=\"av_textblock_section\"  itemscope=\"itemscope\" itemtype=\"https:\/\/schema.org\/CreativeWork\" ><div class='avia_textblock '   itemprop=\"text\" ><p>Se trata de un regalo promocional. Para una empresa estos bonos son una oportunidad de obsequiar a unos buenos clientes o empleados leales a una experiencia de lujo con sus seres queridos. Lo puede usar para aumentar sus ventas, fidelizar a esos buenos clientes o proveedores, realizar un concurso entre sus clientes, o mejorar su imagen de marca. Viene todo el proceso de reserva detallado en el bono que le entregar\u00e1 a sus obsequiados.<\/p>\n<\/div><\/section>\n<div style=' margin-top:30px; margin-bottom:30px;'  class='hr hr-custom hr-center hr-icon-yes '><span class='hr-inner   inner-border-av-border-thin' style=' width:50px;' ><span class='hr-inner-style'><\/span><\/span><span class='av-seperator-icon'  aria-hidden='true' data-av_icon='\ue811' data-av_iconfont='entypo-fontello'><\/span><span class='hr-inner   inner-border-av-border-thin' style=' width:50px;' ><span class='hr-inner-style'><\/span><\/span><\/div>\n<section class=\"av_textblock_section\"  itemscope=\"itemscope\" itemtype=\"https:\/\/schema.org\/CreativeWork\" ><div class='avia_textblock '   itemprop=\"text\" ><h2>Cada bono regalo ser\u00e1 v\u00e1lido para:<\/h2>\n<ul>\n<li>2 noches de Alojamiento en Villa-Suite (1-4 personas) con ba\u00f1era ergon\u00f3mica exterior privada.<\/li>\n<li>Detalle de Bienvenida.<\/li>\n<li>Cata de Aceite de oliva virgen extra ecol\u00f3gico.<\/li>\n<\/ul>\n<h2>Condiciones:<\/h2>\n<ul>\n<li>1 a\u00f1o para canjearlo.<\/li>\n<li>Incluye el iva.<\/li>\n<li>Se excluye el mes de agosto<\/li>\n<\/ul>\n<\/div><\/section>\n<\/div><\/div><\/div><!-- close content main div --><\/div><\/div><div id='av_section_1' class='avia-section main_color avia-section-default avia-no-shadow avia-bg-style-scroll  container_wrap sidebar_right' style = 'background-color: #5f8789; '  ><div class='container' ><div class='template-page content  av-content-small alpha units'><div class='post-entry post-entry-type-page post-entry-3630'><div class='entry-content-wrapper clearfix'>\n<div style='padding-bottom:10px;' class='av-special-heading av-special-heading-h2    '><h2 class='av-special-heading-tag'  itemprop=\"headline\"  >Precios para Empresas:<\/h2><div class='special-heading-border'><div class='special-heading-inner-border' ><\/div><\/div><\/div>\n<div class='av-catalogue-container '><ul class='av-catalogue-list'>\n<li><div class='av-catalogue-item'><div class='av-catalogue-item-inner'><div class='av-catalogue-title-container'><div class='av-catalogue-title'>PARA 5 BONOS<\/div><div class='av-catalogue-price'>807,5\u20ac<\/div><\/div><div class='av-catalogue-content'><\/div><\/div><\/div><\/li>\n<li><div class='av-catalogue-item'><div class='av-catalogue-item-inner'><div class='av-catalogue-title-container'><div class='av-catalogue-title'>PARA 10 BONOS<\/div><div class='av-catalogue-price'>1.615\u20ac<\/div><\/div><div class='av-catalogue-content'><\/div><\/div><\/div><\/li>\n<li><div class='av-catalogue-item'><div class='av-catalogue-item-inner'><div class='av-catalogue-title-container'><div class='av-catalogue-title'>PARA 20 BONOS<\/div><div class='av-catalogue-price'>3.230\u20ac<\/div><\/div><div class='av-catalogue-content'><\/div><\/div><\/div><\/li>\n<li><div class='av-catalogue-item'><div class='av-catalogue-item-inner'><div class='av-catalogue-title-container'><div class='av-catalogue-title'>PARA 40 BONOS<\/div><div class='av-catalogue-price'>6.384\u20ac<\/div><\/div><div class='av-catalogue-content'><\/div><\/div><\/div><\/li>\n<li><div class='av-catalogue-item'><div class='av-catalogue-item-inner'><div class='av-catalogue-title-container'><div class='av-catalogue-title'>PARA 60 BONOS<\/div><div class='av-catalogue-price'>9.462\u20ac<\/div><\/div><div class='av-catalogue-content'><\/div><\/div><\/div><\/li>\n<li><div class='av-catalogue-item'><div class='av-catalogue-item-inner'><div class='av-catalogue-title-container'><div class='av-catalogue-title'>PARA 80 BONOS<\/div><div class='av-catalogue-price'>12.464\u20ac<\/div><\/div><div class='av-catalogue-content'><\/div><\/div><\/div><\/li>\n<\/ul><\/div>\n<\/div><\/div><\/div><!-- close content main div --><\/div><\/div><div id='after_section_1' class='main_color av_default_container_wrap container_wrap sidebar_right'   ><div class='container' ><div class='template-page content  av-content-small alpha units'><div class='post-entry post-entry-type-page post-entry-3630'><div class='entry-content-wrapper clearfix'>\n<div style='background-color:#628e6b; color:#ffffff; ' class='avia_message_box avia-color-custom avia-size-large avia-icon_select-yes avia-border- '><span class='avia_message_box_title' >Atenci\u00f3n<\/span><div class='avia_message_box_content' ><span class='avia_message_box_icon' aria-hidden='true' data-av_icon='\ue827' data-av_iconfont='entypo-fontello'><\/span><p>10% de descuento adicional si el bono es para disfrutar entre semana.<\/p>\n<\/div><\/div>\n<section class=\"av_textblock_section\"  itemscope=\"itemscope\" itemtype=\"https:\/\/schema.org\/CreativeWork\" ><div class='avia_textblock '   itemprop=\"text\" ><h2>\u00bfC\u00d3MO SE CONTRATA?<\/h2>\n<p>Una vez realizado el pago del importe total del bono seleccionado, pasamos a la fase de personalizaci\u00f3n de los bonos. En primer lugar, usted puede incluir el logotipo de su empresa y en segundo lugar, el bono le permitir\u00e1 introducir el nombre de la persona obsequiada.<\/p>\n<p>Podemos entregarle los bonos de 2 formas:<\/p>\n<p>a) Le enviamos un tal\u00f3n f\u00edsico a la direcci\u00f3n que nos indique y usted se encarga de su distribuci\u00f3n.<\/p>\n<p>b)\u00a0Tambi\u00e9n si lo desea podemos encargarnos de enviarle a la persona obsequiada el bono en formato digital a trav\u00e9s de un archivo \u00ab.pdf\u00bb. directamente.<\/p>\n<p>La persona obsequiada dispondr\u00e1 de un a\u00f1o para su canje desde la emisi\u00f3n del bono.<\/p>\n<p>Para formalizar la reserva, la persona obsequiada s\u00f3lo necesitar\u00e1 llamarnos a nuestros tel\u00e9fonos de reservas\u00a0Tf M\u00f3vil: +34 608 50 64 04\u00a0\u00a0| Tf fijo +34 926 924 484 y solicitar disponibilidad en las fechas deseadas indicando el n\u00famero de bono (Recomendamos con al menos 15 d\u00edas antes de su disfrute). Deber\u00e1 enviarnos el bono sellado por su empresa v\u00eda correo electr\u00f3nico o whatsapp y se le informar\u00e1 cada vez que un bono sea canjeado para que usted pueda evaluar su acci\u00f3n de Marketing.<\/p>\n<\/div><\/section>\n<div style=' margin-top:30px; margin-bottom:30px;'  class='hr hr-custom hr-center hr-icon-yes '><span class='hr-inner   inner-border-av-border-thin' style=' width:50px;' ><span class='hr-inner-style'><\/span><\/span><span class='av-seperator-icon'  aria-hidden='true' data-av_icon='\ue811' data-av_iconfont='entypo-fontello'><\/span><span class='hr-inner   inner-border-av-border-thin' style=' width:50px;' ><span class='hr-inner-style'><\/span><\/span><\/div>\n<form action=\"https:\/\/luzdealba.es\/alojamientos\/bonos-empresas\/\" method=\"post\"  class=\"avia_ajax_form av-form-labels-visible   av-custom-form-color av-dark-form\" data-avia-form-id=\"1\" data-avia-redirect=''><fieldset><h3>SOLIC\u00cdTENOS M\u00c1S INFORMACI\u00d3N<\/h3><p class=' first_form  form_element form_fullwidth' id='element_avia_1_1'><label for=\"avia_1_1\">Nombre <abbr class=\"required\" title=\"required\">*<\/abbr><\/label> <input name=\"avia_1_1\" class=\"text_input is_empty\" type=\"text\" id=\"avia_1_1\" value=\"\" \/><\/p><p class=' first_form  form_element form_fullwidth' id='element_avia_2_1'><label for=\"avia_2_1\">Correo electr\u00f3nico <abbr class=\"required\" title=\"required\">*<\/abbr><\/label> <input name=\"avia_2_1\" class=\"text_input is_email\" type=\"text\" id=\"avia_2_1\" value=\"\" \/><\/p><p class=' first_form  form_element form_fullwidth' id='element_avia_3_1'><label for=\"avia_3_1\">Asunto <abbr class=\"required\" title=\"required\">*<\/abbr><\/label> <input name=\"avia_3_1\" class=\"text_input is_empty\" type=\"text\" id=\"avia_3_1\" value=\"\" \/><\/p><p class=' first_form  form_element form_fullwidth' id='element_avia_4_1'>\t <label for=\"avia_4_1\" class=\"textare_label hidden textare_label_avia_4_1\">Mensaje <abbr class=\"required\" title=\"required\">*<\/abbr><\/label>\t <textarea  name=\"avia_4_1\" class=\"text_area is_empty\" cols=\"40\" rows=\"7\" id=\"avia_4_1\" ><\/textarea><\/p><p class=\"hidden\"><input type=\"text\" name=\"avia_5_1\" class=\"hidden \" id=\"avia_5_1\" value=\"\" \/><\/p><p class='' id='element_avia_6_1'>    <span class='value_verifier_label'>3 + 5 = ?<\/span>    <input name=\"avia_6_1_verifier\" type=\"hidden\" id=\"avia_6_1_verifier\" value=\"885732778\"\/><label for=\"avia_6_1\">Para mayor seguridad, responde la siguiente pregunta <abbr class=\"required\" title=\"required\">*<\/abbr><\/label>    <input name=\"avia_6_1\" class=\"text_input captcha\" type=\"text\" id=\"avia_6_1\" value=\"\"\/><\/p><p class=\"form_element \"><input type=\"hidden\" value=\"1\" name=\"avia_generated_form1\" \/><input type=\"submit\" value=\"Consultar sin compromiso\" class=\"button\"  data-sending-label=\"Enviando\"\/><\/p><\/fieldset><\/form><div id=\"ajaxresponse_1\" class=\"ajaxresponse ajaxresponse_1 hidden\"><\/div>\n","protected":false},"excerpt":{"rendered":"","protected":false},"author":2,"featured_media":0,"parent":0,"menu_order":0,"comment_status":"closed","ping_status":"closed","template":"","meta":[],"yoast_head":"<!-- This site is optimized with the Yoast SEO plugin v17.7.1 - https:\/\/yoast.com\/wordpress\/plugins\/seo\/ -->\n<title>Bonos empresas | Luz de Alba - Alojamientos<\/title>\n<meta name=\"robots\" content=\"index, follow, max-snippet:-1, max-image-preview:large, max-video-preview:-1\" \/>\n<link rel=\"canonical\" href=\"https:\/\/luzdealba.es\/alojamientos\/bonos-empresas\/\" \/>\n<meta property=\"og:locale\" content=\"es_ES\" \/>\n<meta property=\"og:type\" content=\"article\" \/>\n<meta property=\"og:title\" content=\"Bonos empresas | Luz de Alba - Alojamientos\" \/>\n<meta property=\"og:url\" content=\"https:\/\/luzdealba.es\/alojamientos\/bonos-empresas\/\" \/>\n<meta property=\"og:site_name\" content=\"Luz de Alba - Alojamientos\" \/>\n<meta property=\"article:publisher\" content=\"https:\/\/www.facebook.com\/fluzdealba\/\" \/>\n<meta property=\"article:modified_time\" content=\"2020-03-04T10:04:15+00:00\" \/>\n<meta name=\"twitter:card\" content=\"summary\" \/>\n<meta name=\"twitter:site\" content=\"@AceiteLuzdeAlba\" \/>\n<meta name=\"twitter:label1\" content=\"Tiempo de lectura\" \/>\n\t<meta name=\"twitter:data1\" content=\"5 minutos\" \/>\n<script type=\"application\/ld+json\" class=\"yoast-schema-graph\">{\"@context\":\"https:\/\/schema.org\",\"@graph\":[{\"@type\":\"WebSite\",\"@id\":\"https:\/\/luzdealba.es\/alojamientos\/#website\",\"url\":\"https:\/\/luzdealba.es\/alojamientos\/\",\"name\":\"Luz de Alba - Alojamientos\",\"description\":\"Alojamientos en Lagunas de Ruidera\",\"potentialAction\":[{\"@type\":\"SearchAction\",\"target\":{\"@type\":\"EntryPoint\",\"urlTemplate\":\"https:\/\/luzdealba.es\/alojamientos\/?s={search_term_string}\"},\"query-input\":\"required name=search_term_string\"}],\"inLanguage\":\"es\"},{\"@type\":\"WebPage\",\"@id\":\"https:\/\/luzdealba.es\/alojamientos\/bonos-empresas\/#webpage\",\"url\":\"https:\/\/luzdealba.es\/alojamientos\/bonos-empresas\/\",\"name\":\"Bonos empresas | Luz de Alba - Alojamientos\",\"isPartOf\":{\"@id\":\"https:\/\/luzdealba.es\/alojamientos\/#website\"},\"datePublished\":\"2017-07-06T14:23:17+00:00\",\"dateModified\":\"2020-03-04T10:04:15+00:00\",\"breadcrumb\":{\"@id\":\"https:\/\/luzdealba.es\/alojamientos\/bonos-empresas\/#breadcrumb\"},\"inLanguage\":\"es\",\"potentialAction\":[{\"@type\":\"ReadAction\",\"target\":[\"https:\/\/luzdealba.es\/alojamientos\/bonos-empresas\/\"]}]},{\"@type\":\"BreadcrumbList\",\"@id\":\"https:\/\/luzdealba.es\/alojamientos\/bonos-empresas\/#breadcrumb\",\"itemListElement\":[{\"@type\":\"ListItem\",\"position\":1,\"name\":\"Portada\",\"item\":\"https:\/\/luzdealba.es\/alojamientos\/\"},{\"@type\":\"ListItem\",\"position\":2,\"name\":\"Bonos empresas\"}]}]}<\/script>\n<!-- \/ Yoast SEO plugin. -->","yoast_head_json":{"title":"Bonos empresas | Luz de Alba - Alojamientos","robots":{"index":"index","follow":"follow","max-snippet":"max-snippet:-1","max-image-preview":"max-image-preview:large","max-video-preview":"max-video-preview:-1"},"canonical":"https:\/\/luzdealba.es\/alojamientos\/bonos-empresas\/","og_locale":"es_ES","og_type":"article","og_title":"Bonos empresas | Luz de Alba - Alojamientos","og_url":"https:\/\/luzdealba.es\/alojamientos\/bonos-empresas\/","og_site_name":"Luz de Alba - Alojamientos","article_publisher":"https:\/\/www.facebook.com\/fluzdealba\/","article_modified_time":"2020-03-04T10:04:15+00:00","twitter_card":"summary","twitter_site":"@AceiteLuzdeAlba","twitter_misc":{"Tiempo de lectura":"5 minutos"},"schema":{"@context":"https:\/\/schema.org","@graph":[{"@type":"WebSite","@id":"https:\/\/luzdealba.es\/alojamientos\/#website","url":"https:\/\/luzdealba.es\/alojamientos\/","name":"Luz de Alba - Alojamientos","description":"Alojamientos en Lagunas de Ruidera","potentialAction":[{"@type":"SearchAction","target":{"@type":"EntryPoint","urlTemplate":"https:\/\/luzdealba.es\/alojamientos\/?s={search_term_string}"},"query-input":"required name=search_term_string"}],"inLanguage":"es"},{"@type":"WebPage","@id":"https:\/\/luzdealba.es\/alojamientos\/bonos-empresas\/#webpage","url":"https:\/\/luzdealba.es\/alojamientos\/bonos-empresas\/","name":"Bonos empresas | Luz de Alba - Alojamientos","isPartOf":{"@id":"https:\/\/luzdealba.es\/alojamientos\/#website"},"datePublished":"2017-07-06T14:23:17+00:00","dateModified":"2020-03-04T10:04:15+00:00","breadcrumb":{"@id":"https:\/\/luzdealba.es\/alojamientos\/bonos-empresas\/#breadcrumb"},"inLanguage":"es","potentialAction":[{"@type":"ReadAction","target":["https:\/\/luzdealba.es\/alojamientos\/bonos-empresas\/"]}]},{"@type":"BreadcrumbList","@id":"https:\/\/luzdealba.es\/alojamientos\/bonos-empresas\/#breadcrumb","itemListElement":[{"@type":"ListItem","position":1,"name":"Portada","item":"https:\/\/luzdealba.es\/alojamientos\/"},{"@type":"ListItem","position":2,"name":"Bonos empresas"}]}]}},"_links":{"self":[{"href":"https:\/\/luzdealba.es\/alojamientos\/wp-json\/wp\/v2\/pages\/3630"}],"collection":[{"href":"https:\/\/luzdealba.es\/alojamientos\/wp-json\/wp\/v2\/pages"}],"about":[{"href":"https:\/\/luzdealba.es\/alojamientos\/wp-json\/wp\/v2\/types\/page"}],"author":[{"embeddable":true,"href":"https:\/\/luzdealba.es\/alojamientos\/wp-json\/wp\/v2\/users\/2"}],"replies":[{"embeddable":true,"href":"https:\/\/luzdealba.es\/alojamientos\/wp-json\/wp\/v2\/comments?post=3630"}],"version-history":[{"count":26,"href":"https:\/\/luzdealba.es\/alojamientos\/wp-json\/wp\/v2\/pages\/3630\/revisions"}],"predecessor-version":[{"id":4044,"href":"https:\/\/luzdealba.es\/alojamientos\/wp-json\/wp\/v2\/pages\/3630\/revisions\/4044"}],"wp:attachment":[{"href":"https:\/\/luzdealba.es\/alojamientos\/wp-json\/wp\/v2\/media?parent=3630"}],"curies":[{"name":"wp","href":"https:\/\/api.w.org\/{rel}","templated":true}]}}