{"id":3287,"date":"2017-05-06T20:48:44","date_gmt":"2017-05-06T20:48:44","guid":{"rendered":"https:\/\/luzdealba.es\/alojamientos\/?page_id=3287"},"modified":"2017-05-12T08:52:23","modified_gmt":"2017-05-12T08:52:23","slug":"eventos-empresa-cerca-madrid","status":"publish","type":"page","link":"https:\/\/luzdealba.es\/alojamientos\/eventos-empresa-cerca-madrid\/","title":{"rendered":"Eventos"},"content":{"rendered":"<\/div><\/div><\/div><!-- close content main div --><\/div><\/div><div id='full_slider_1' class='avia-fullwidth-slider main_color avia-shadow  container_wrap sidebar_right'   ><div  data-size='featured'  data-lightbox_size='large'  data-animation='slide'  data-ids='3489'  data-video_counter='0'  data-autoplay='false'  data-bg_slider='false'  data-slide_height=''  data-handle='av_slideshow_full'  data-interval='5'  data-class=' '  data-css_id=''  data-scroll_down=''  data-control_layout='av-control-default'  data-custom_markup=''  data-perma_caption=''  data-autoplay_stopper=''  data-image_attachment=''  data-min_height='0px'  data-src=''  data-position='top left'  data-repeat='no-repeat'  data-attach='scroll'  data-stretch=''  data-default-height='28.666666666667'  class='avia-slideshow avia-slideshow-1  av-control-default av-default-height-applied avia-slideshow-featured av_slideshow_full   avia-slide-slider '  itemscope=\"itemscope\" itemtype=\"https:\/\/schema.org\/ImageObject\" ><ul class='avia-slideshow-inner' style='padding-bottom: 41.9921875%;'><li  class=' av-single-slide slide-1 ' ><div data-rel='slideshow-1' class='avia-slide-wrap'  ><div class = \"caption_fullwidth av-slideshow-caption caption_center caption_center_framed caption_framed\"><div class = \"container caption_container\"><div class = \"slideshow_caption\"><div class = \"slideshow_inner_caption\"><div class = \"slideshow_align_caption\"><h2  style='font-size:45px; ' class='avia-caption-title'  itemprop=\"name\" >FINCA IDEAL PARA TUS EVENTOS<\/h2><div class='avia-caption-content av_inherit_color'  itemprop=\"description\"   style='font-size:20px; '><p>Tanto si se trata de una comuni\u00f3n, o cualquier reuni\u00f3n familiar, como de un evento profesional, cursos, incentivos, motivaci\u00f3n, etc Finca Luz de Alba le ofrece su hospitalidad y buen hacer.<\/p>\n<\/div><\/div><\/div><\/div><\/div><\/div><img src='https:\/\/luzdealba.es\/alojamientos\/wp-content\/uploads\/2017\/05\/MG_0473-1024x683-1024x430.jpg' width='1024' height='430' title='EXCURSIONES EN CARRO' alt=''  itemprop=\"thumbnailUrl\"   \/><\/div><\/li><\/ul><\/div><\/div>\n<\/div><\/div><\/div><!-- close content main div --><\/div><\/div><div id='av_section_1' class='avia-section main_color avia-section-default avia-no-border-styling avia-bg-style-scroll  container_wrap sidebar_right'   ><div class='container' ><div class='template-page content  av-content-small alpha units'><div class='post-entry post-entry-type-page post-entry-3287'><div class='entry-content-wrapper clearfix'>\n<div style='padding-bottom:40px;' class='av-special-heading av-special-heading-h2  blockquote modern-quote modern-centered  '><h2 class='av-special-heading-tag'  itemprop=\"headline\"  >Caracter\u00edsticas de la Finca Luz de Alba para eventos de empresa<\/h2><div class ='av-subheading av-subheading_below ' style='font-size:15px;'><p>Organizaci\u00f3n de Eventos alrededor del aceite de oliva virgen extra.<\/p>\n<\/div><div class='special-heading-border'><div class='special-heading-inner-border' ><\/div><\/div><\/div>\n<section class=\"av_textblock_section\"  itemscope=\"itemscope\" itemtype=\"https:\/\/schema.org\/CreativeWork\" ><div class='avia_textblock '   itemprop=\"text\" ><h4><a><b>Catas de aceite como incentivo de empresa:<\/b><\/a><\/h4>\n<p>Puede ser una oportunidad para mejorar la comunicaci\u00f3n co el equipo, para generar una atm\u00f3sfera distendida de aprendizaje y disfrute. Puede ser el momento perfecto para generar ideas y mejorar estrategias.<\/p>\n<p>Las Catas est\u00e1n estructuradas para fomentar las capacidades sensoriales de sus participantes.<\/p>\n<p>Junto a los alojamientos se encuentra la Almazara. En este edificio se encuentra una sala multiusos ideal para organizar las catas y tambi\u00e9n para trabajar en un espacio lleno de luz y con vistas a un mar de olivos.<\/p>\n<p>La sala dispone de:<\/p>\n<ul>\n<li>20 sillas.<\/li>\n<li>Mesa de reuniones.<\/li>\n<li>Pantalla de 55 pulgadas.<\/li>\n<li>Mini-Proyector.<\/li>\n<li>Wifi alta velocidad.<\/li>\n<li>servicios wc<\/li>\n<li>Fregadero y nevera.<\/li>\n<\/ul>\n<\/div><\/section>\n<div id='av-masonry-1' class='av-masonry noHover av-flex-size av-large-gap av-hover-overlay-active av-masonry-col-flexible av-caption-always av-caption-style-overlay av-masonry-gallery  '  ><div class='av-masonry-container isotope av-js-disabled ' ><div class='av-masonry-entry isotope-item av-masonry-item-no-image '><\/div><a href=\"https:\/\/luzdealba.es\/alojamientos\/wp-content\/uploads\/2017\/05\/MG_0084-1024x683.jpg\" id='av-masonry-1-item-3499' data-av-masonry-item='3499' class='av-masonry-entry isotope-item post-3499 attachment type-attachment status-inherit hentry  av-masonry-item-with-image' title=\"Con maridajes\"  itemprop=\"thumbnailUrl\" ><div class='av-inner-masonry-sizer'><\/div><figure class='av-inner-masonry main_color'><div class=\"av-masonry-outerimage-container\"><div class=\"av-masonry-image-container\" style=\"background-image: url(https:\/\/luzdealba.es\/alojamientos\/wp-content\/uploads\/2017\/05\/MG_0084-1024x683-705x470.jpg);\"><img src=\"https:\/\/luzdealba.es\/alojamientos\/wp-content\/uploads\/2017\/05\/MG_0084-1024x683-705x470.jpg\" title=\"CATAS DE ACEITE\" alt=\"\" \/><\/div><\/div><figcaption class='av-inner-masonry-content site-background'><div class='av-inner-masonry-content-pos'><div class='av-inner-masonry-content-pos-content'><div class='avia-arrow'><\/div><h3 class='av-masonry-entry-title entry-title'  itemprop=\"headline\" >CATAS DE ACEITE<\/h3><div class='av-masonry-entry-content entry-content'  itemprop=\"text\" >Despierta e intensifica tus sentidos, adem\u00e1s disfruta de un momento gastron\u00f3mico de placer.<\/div><\/div><\/div><\/figcaption><\/figure><\/a><!--end av-masonry entry--><a href=\"https:\/\/luzdealba.es\/alojamientos\/wp-content\/uploads\/2017\/05\/MG_0473-1024x683.jpg\" id='av-masonry-1-item-3489' data-av-masonry-item='3489' class='av-masonry-entry isotope-item post-3489 attachment type-attachment status-inherit hentry  av-masonry-item-with-image' title=\"Turismo rural finca luz de alba alojamientos junto a Lagunas de ruidera cerca de Madrid\"  itemprop=\"thumbnailUrl\" ><div class='av-inner-masonry-sizer'><\/div><figure class='av-inner-masonry main_color'><div class=\"av-masonry-outerimage-container\"><div class=\"av-masonry-image-container\" style=\"background-image: url(https:\/\/luzdealba.es\/alojamientos\/wp-content\/uploads\/2017\/05\/MG_0473-1024x683-705x470.jpg);\"><img src=\"https:\/\/luzdealba.es\/alojamientos\/wp-content\/uploads\/2017\/05\/MG_0473-1024x683-705x470.jpg\" title=\"EXCURSIONES EN CARRO\" alt=\"\" \/><\/div><\/div><figcaption class='av-inner-masonry-content site-background'><div class='av-inner-masonry-content-pos'><div class='av-inner-masonry-content-pos-content'><div class='avia-arrow'><\/div><h3 class='av-masonry-entry-title entry-title'  itemprop=\"headline\" >EXCURSIONES EN CARRO<\/h3><div class='av-masonry-entry-content entry-content'  itemprop=\"text\" >Divertido, entra\u00f1able, aut\u00e9ntico<\/div><\/div><\/div><\/figcaption><\/figure><\/a><!--end av-masonry entry--><a href=\"https:\/\/luzdealba.es\/alojamientos\/wp-content\/uploads\/2013\/04\/Parque-Natural-de-las-Lagunas-de-Ruidera-ideal-para-practicar-deporte.jpg\" id='av-masonry-1-item-3369' data-av-masonry-item='3369' class='av-masonry-entry isotope-item post-3369 attachment type-attachment status-inherit hentry  av-masonry-item-with-image' title=\"EXCURSIONES EN PIRAGUAS lagunas de ruidera\"  itemprop=\"thumbnailUrl\" ><div class='av-inner-masonry-sizer'><\/div><figure class='av-inner-masonry main_color'><div class=\"av-masonry-outerimage-container\"><div class=\"av-masonry-image-container\" style=\"background-image: url(https:\/\/luzdealba.es\/alojamientos\/wp-content\/uploads\/2013\/04\/Parque-Natural-de-las-Lagunas-de-Ruidera-ideal-para-practicar-deporte.jpg);\"><img src=\"https:\/\/luzdealba.es\/alojamientos\/wp-content\/uploads\/2013\/04\/Parque-Natural-de-las-Lagunas-de-Ruidera-ideal-para-practicar-deporte.jpg\" title=\"EXCURSIONES EN PIRAGUAS\" alt=\"\" \/><\/div><\/div><figcaption class='av-inner-masonry-content site-background'><div class='av-inner-masonry-content-pos'><div class='av-inner-masonry-content-pos-content'><div class='avia-arrow'><\/div><h3 class='av-masonry-entry-title entry-title'  itemprop=\"headline\" >EXCURSIONES EN PIRAGUAS<\/h3><div class='av-masonry-entry-content entry-content'  itemprop=\"text\" >Parque Natural Lagunas de Ruidera. Albacete y Ciudad Real.<\/div><\/div><\/div><\/figcaption><\/figure><\/a><!--end av-masonry entry--><a href=\"https:\/\/luzdealba.es\/alojamientos\/wp-content\/uploads\/2017\/05\/olivos_luz_de_alba-copia-2-1030x685.jpg\" id='av-masonry-1-item-3510' data-av-masonry-item='3510' class='av-masonry-entry isotope-item post-3510 attachment type-attachment status-inherit hentry  av-masonry-item-with-image' title=\"Nuestro experto en el cultivo del olivo te ir\u00e1 explicando los procesos de producci\u00f3n.\"  itemprop=\"thumbnailUrl\" ><div class='av-inner-masonry-sizer'><\/div><figure class='av-inner-masonry main_color'><div class=\"av-masonry-outerimage-container\"><div class=\"av-masonry-image-container\" style=\"background-image: url(https:\/\/luzdealba.es\/alojamientos\/wp-content\/uploads\/2017\/05\/olivos_luz_de_alba-copia-2-705x469.jpg);\"><img src=\"https:\/\/luzdealba.es\/alojamientos\/wp-content\/uploads\/2017\/05\/olivos_luz_de_alba-copia-2-705x469.jpg\" title=\"VISITAS GUIADAS POR LA FINCA\" alt=\"\" \/><\/div><\/div><figcaption class='av-inner-masonry-content site-background'><div class='av-inner-masonry-content-pos'><div class='av-inner-masonry-content-pos-content'><div class='avia-arrow'><\/div><h3 class='av-masonry-entry-title entry-title'  itemprop=\"headline\" >VISITAS GUIADAS POR LA FINCA<\/h3><div class='av-masonry-entry-content entry-content'  itemprop=\"text\" >Nuestro experto en el cultivo del olivo te ir\u00e1 explicando los procesos de producci\u00f3n.<\/div><\/div><\/div><\/figcaption><\/figure><\/a><!--end av-masonry entry--><a href=\"https:\/\/luzdealba.es\/alojamientos\/wp-content\/uploads\/2017\/05\/piscina_turismo_rural_cerca_madrid-1030x685.jpg\" id='av-masonry-1-item-3511' data-av-masonry-item='3511' class='av-masonry-entry isotope-item post-3511 attachment type-attachment status-inherit hentry  av-masonry-item-with-image' title=\"Finca luz de alba ofrece su magn\u00edfica piscina de uso privado para grupos. Barbacoa, m\u00fasica y una piscina. Ideal para las noches estrelladas y la buena onda.\"  itemprop=\"thumbnailUrl\" ><div class='av-inner-masonry-sizer'><\/div><figure class='av-inner-masonry main_color'><div class=\"av-masonry-outerimage-container\"><div class=\"av-masonry-image-container\" style=\"background-image: url(https:\/\/luzdealba.es\/alojamientos\/wp-content\/uploads\/2017\/05\/piscina_turismo_rural_cerca_madrid-705x469.jpg);\"><img src=\"https:\/\/luzdealba.es\/alojamientos\/wp-content\/uploads\/2017\/05\/piscina_turismo_rural_cerca_madrid-705x469.jpg\" title=\"PISCINA USO PRIVADO\" alt=\"\" \/><\/div><\/div><figcaption class='av-inner-masonry-content site-background'><div class='av-inner-masonry-content-pos'><div class='av-inner-masonry-content-pos-content'><div class='avia-arrow'><\/div><h3 class='av-masonry-entry-title entry-title'  itemprop=\"headline\" >PISCINA USO PRIVADO<\/h3><div class='av-masonry-entry-content entry-content'  itemprop=\"text\" >Barbacoa, m\u00fasica y una piscina. Ideal para las noches estrelladas y la buena onda.<\/div><\/div><\/div><\/figcaption><\/figure><\/a><!--end av-masonry entry--><\/div><\/div>\n<\/div><\/div><\/div><!-- close content main div --><\/div><\/div><div id='after_section_1' class='main_color av_default_container_wrap container_wrap sidebar_right'   ><div class='container' ><div class='template-page content  av-content-small alpha units'><div class='post-entry post-entry-type-page post-entry-3287'><div class='entry-content-wrapper clearfix'>\n","protected":false},"excerpt":{"rendered":"","protected":false},"author":2,"featured_media":0,"parent":0,"menu_order":0,"comment_status":"closed","ping_status":"closed","template":"","meta":[],"yoast_head":"<!-- This site is optimized with the Yoast SEO plugin v17.7.1 - https:\/\/yoast.com\/wordpress\/plugins\/seo\/ -->\n<title>Eventos | Luz de Alba - Alojamientos<\/title>\n<meta name=\"description\" content=\"Eventos empresa turismo rural lujo entorno al aceite de oliva virgen extra\" \/>\n<meta name=\"robots\" content=\"index, follow, max-snippet:-1, max-image-preview:large, max-video-preview:-1\" \/>\n<link rel=\"canonical\" href=\"https:\/\/luzdealba.es\/alojamientos\/eventos-empresa-cerca-madrid\/\" \/>\n<meta property=\"og:locale\" content=\"es_ES\" \/>\n<meta property=\"og:type\" content=\"article\" \/>\n<meta property=\"og:title\" content=\"Eventos | Luz de Alba - Alojamientos\" \/>\n<meta property=\"og:description\" content=\"Eventos empresa turismo rural lujo entorno al aceite de oliva virgen extra\" \/>\n<meta property=\"og:url\" content=\"https:\/\/luzdealba.es\/alojamientos\/eventos-empresa-cerca-madrid\/\" \/>\n<meta property=\"og:site_name\" content=\"Luz de Alba - Alojamientos\" \/>\n<meta property=\"article:publisher\" content=\"https:\/\/www.facebook.com\/fluzdealba\/\" \/>\n<meta property=\"article:modified_time\" content=\"2017-05-12T08:52:23+00:00\" \/>\n<meta name=\"twitter:card\" content=\"summary\" \/>\n<meta name=\"twitter:site\" content=\"@AceiteLuzdeAlba\" \/>\n<meta name=\"twitter:label1\" content=\"Tiempo de lectura\" \/>\n\t<meta name=\"twitter:data1\" content=\"2 minutos\" \/>\n<script type=\"application\/ld+json\" class=\"yoast-schema-graph\">{\"@context\":\"https:\/\/schema.org\",\"@graph\":[{\"@type\":\"WebSite\",\"@id\":\"https:\/\/luzdealba.es\/alojamientos\/#website\",\"url\":\"https:\/\/luzdealba.es\/alojamientos\/\",\"name\":\"Luz de Alba - Alojamientos\",\"description\":\"Alojamientos en Lagunas de Ruidera\",\"potentialAction\":[{\"@type\":\"SearchAction\",\"target\":{\"@type\":\"EntryPoint\",\"urlTemplate\":\"https:\/\/luzdealba.es\/alojamientos\/?s={search_term_string}\"},\"query-input\":\"required name=search_term_string\"}],\"inLanguage\":\"es\"},{\"@type\":\"WebPage\",\"@id\":\"https:\/\/luzdealba.es\/alojamientos\/eventos-empresa-cerca-madrid\/#webpage\",\"url\":\"https:\/\/luzdealba.es\/alojamientos\/eventos-empresa-cerca-madrid\/\",\"name\":\"Eventos | Luz de Alba - Alojamientos\",\"isPartOf\":{\"@id\":\"https:\/\/luzdealba.es\/alojamientos\/#website\"},\"datePublished\":\"2017-05-06T20:48:44+00:00\",\"dateModified\":\"2017-05-12T08:52:23+00:00\",\"description\":\"Eventos empresa turismo rural lujo entorno al aceite de oliva virgen extra\",\"breadcrumb\":{\"@id\":\"https:\/\/luzdealba.es\/alojamientos\/eventos-empresa-cerca-madrid\/#breadcrumb\"},\"inLanguage\":\"es\",\"potentialAction\":[{\"@type\":\"ReadAction\",\"target\":[\"https:\/\/luzdealba.es\/alojamientos\/eventos-empresa-cerca-madrid\/\"]}]},{\"@type\":\"BreadcrumbList\",\"@id\":\"https:\/\/luzdealba.es\/alojamientos\/eventos-empresa-cerca-madrid\/#breadcrumb\",\"itemListElement\":[{\"@type\":\"ListItem\",\"position\":1,\"name\":\"Portada\",\"item\":\"https:\/\/luzdealba.es\/alojamientos\/\"},{\"@type\":\"ListItem\",\"position\":2,\"name\":\"Eventos\"}]}]}<\/script>\n<!-- \/ Yoast SEO plugin. -->","yoast_head_json":{"title":"Eventos | Luz de Alba - Alojamientos","description":"Eventos empresa turismo rural lujo entorno al aceite de oliva virgen extra","robots":{"index":"index","follow":"follow","max-snippet":"max-snippet:-1","max-image-preview":"max-image-preview:large","max-video-preview":"max-video-preview:-1"},"canonical":"https:\/\/luzdealba.es\/alojamientos\/eventos-empresa-cerca-madrid\/","og_locale":"es_ES","og_type":"article","og_title":"Eventos | Luz de Alba - Alojamientos","og_description":"Eventos empresa turismo rural lujo entorno al aceite de oliva virgen extra","og_url":"https:\/\/luzdealba.es\/alojamientos\/eventos-empresa-cerca-madrid\/","og_site_name":"Luz de Alba - Alojamientos","article_publisher":"https:\/\/www.facebook.com\/fluzdealba\/","article_modified_time":"2017-05-12T08:52:23+00:00","twitter_card":"summary","twitter_site":"@AceiteLuzdeAlba","twitter_misc":{"Tiempo de lectura":"2 minutos"},"schema":{"@context":"https:\/\/schema.org","@graph":[{"@type":"WebSite","@id":"https:\/\/luzdealba.es\/alojamientos\/#website","url":"https:\/\/luzdealba.es\/alojamientos\/","name":"Luz de Alba - Alojamientos","description":"Alojamientos en Lagunas de Ruidera","potentialAction":[{"@type":"SearchAction","target":{"@type":"EntryPoint","urlTemplate":"https:\/\/luzdealba.es\/alojamientos\/?s={search_term_string}"},"query-input":"required name=search_term_string"}],"inLanguage":"es"},{"@type":"WebPage","@id":"https:\/\/luzdealba.es\/alojamientos\/eventos-empresa-cerca-madrid\/#webpage","url":"https:\/\/luzdealba.es\/alojamientos\/eventos-empresa-cerca-madrid\/","name":"Eventos | Luz de Alba - Alojamientos","isPartOf":{"@id":"https:\/\/luzdealba.es\/alojamientos\/#website"},"datePublished":"2017-05-06T20:48:44+00:00","dateModified":"2017-05-12T08:52:23+00:00","description":"Eventos empresa turismo rural lujo entorno al aceite de oliva virgen extra","breadcrumb":{"@id":"https:\/\/luzdealba.es\/alojamientos\/eventos-empresa-cerca-madrid\/#breadcrumb"},"inLanguage":"es","potentialAction":[{"@type":"ReadAction","target":["https:\/\/luzdealba.es\/alojamientos\/eventos-empresa-cerca-madrid\/"]}]},{"@type":"BreadcrumbList","@id":"https:\/\/luzdealba.es\/alojamientos\/eventos-empresa-cerca-madrid\/#breadcrumb","itemListElement":[{"@type":"ListItem","position":1,"name":"Portada","item":"https:\/\/luzdealba.es\/alojamientos\/"},{"@type":"ListItem","position":2,"name":"Eventos"}]}]}},"_links":{"self":[{"href":"https:\/\/luzdealba.es\/alojamientos\/wp-json\/wp\/v2\/pages\/3287"}],"collection":[{"href":"https:\/\/luzdealba.es\/alojamientos\/wp-json\/wp\/v2\/pages"}],"about":[{"href":"https:\/\/luzdealba.es\/alojamientos\/wp-json\/wp\/v2\/types\/page"}],"author":[{"embeddable":true,"href":"https:\/\/luzdealba.es\/alojamientos\/wp-json\/wp\/v2\/users\/2"}],"replies":[{"embeddable":true,"href":"https:\/\/luzdealba.es\/alojamientos\/wp-json\/wp\/v2\/comments?post=3287"}],"version-history":[{"count":10,"href":"https:\/\/luzdealba.es\/alojamientos\/wp-json\/wp\/v2\/pages\/3287\/revisions"}],"predecessor-version":[{"id":3834,"href":"https:\/\/luzdealba.es\/alojamientos\/wp-json\/wp\/v2\/pages\/3287\/revisions\/3834"}],"wp:attachment":[{"href":"https:\/\/luzdealba.es\/alojamientos\/wp-json\/wp\/v2\/media?parent=3287"}],"curies":[{"name":"wp","href":"https:\/\/api.w.org\/{rel}","templated":true}]}}