{"id":3267,"date":"2017-05-02T16:24:49","date_gmt":"2017-05-02T16:24:49","guid":{"rendered":"https:\/\/luzdealba.es\/alojamientos\/?page_id=3267"},"modified":"2017-05-11T12:08:05","modified_gmt":"2017-05-11T12:08:05","slug":"el-entorno-de-ruidera","status":"publish","type":"page","link":"https:\/\/luzdealba.es\/alojamientos\/el-entorno-de-ruidera\/","title":{"rendered":"El Entorno de LUZ DE ALBA"},"content":{"rendered":"<\/div><\/div><\/div><!-- close content main div --><\/div><\/div><div id='full_slider_1' class='avia-fullwidth-slider main_color avia-shadow  container_wrap sidebar_right'   ><div  data-size='featured_large'  data-lightbox_size='large'  data-animation='slide'  data-ids='3376,3371,3370,3433,3432,3431,3430'  data-video_counter='0'  data-autoplay='true'  data-bg_slider='false'  data-slide_height=''  data-handle='av_slideshow_full'  data-interval='4'  data-class=' '  data-css_id=''  data-scroll_down=''  data-control_layout='av-control-default'  data-custom_markup=''  data-perma_caption='aviaTBperma_caption'  data-autoplay_stopper=''  data-image_attachment=''  data-min_height='0px'  data-src=''  data-position='top left'  data-repeat='no-repeat'  data-attach='scroll'  data-stretch=''  data-default-height='42'  class='avia-slideshow avia-slideshow-1  av-control-default av-default-height-applied avia-slideshow-featured_large av_slideshow_full   avia-slide-slider '  itemscope=\"itemscope\" itemtype=\"https:\/\/schema.org\/ImageObject\" ><ul class='avia-slideshow-inner' style='padding-bottom: 42%;'><li  class=' slide-1 ' ><div data-rel='slideshow-1' class='avia-slide-wrap'  ><img src='https:\/\/luzdealba.es\/alojamientos\/wp-content\/uploads\/2013\/04\/Atardecer-en-las-Lagunas-de-Ruidera.-Autor-josebl-1-1-1500x630.jpg' width='1500' height='630' title='Atardecer-en-las-Lagunas-de-Ruidera.-Autor-josebl-1' alt=''  itemprop=\"thumbnailUrl\"   \/><\/div><\/li><li  class=' slide-2 ' ><div data-rel='slideshow-1' class='avia-slide-wrap' title='Escapada Rom\u00e1ntica en Lagunas de Ruidera' ><img src='https:\/\/luzdealba.es\/alojamientos\/wp-content\/uploads\/2013\/04\/7300-1500x630.jpg' width='1500' height='630' title='Escapada Rom\u00e1ntica en Lagunas de Ruidera' alt='Escapada Rom\u00e1ntica en Lagunas de Ruidera'  itemprop=\"thumbnailUrl\"   \/><\/div><\/li><li  class=' slide-3 ' ><div data-rel='slideshow-1' class='avia-slide-wrap' title='Escapada rom\u00e1ntica Molinos' ><img src='https:\/\/luzdealba.es\/alojamientos\/wp-content\/uploads\/2013\/04\/portada-home-consuegra-1500x630.jpg' width='1500' height='630' title='Escapada rom\u00e1ntica Molinos' alt='Escapada rom\u00e1ntica Molinos'  itemprop=\"thumbnailUrl\"   \/><\/div><\/li><li  class=' slide-4 ' ><div data-rel='slideshow-1' class='avia-slide-wrap' title='Maravilloso humedal manchego  a tal solo 40 min. de la Fiinca.\n' ><img src='https:\/\/luzdealba.es\/alojamientos\/wp-content\/uploads\/2017\/05\/lugares-a-visitar-en-Ciudad-Real-tablas-daimiel-1500x630.jpg' width='1500' height='630' title='TABLAS DE DAIMIEL' alt=''  itemprop=\"thumbnailUrl\"   \/><\/div><\/li><li  class=' slide-5 ' ><div data-rel='slideshow-1' class='avia-slide-wrap' title='El ingenioso hidalgo don Quijote de la Mancha a comienzos de 1605, es la obra m\u00e1s destacada de la literatura espa\u00f1ola, pero sus lugares siguen sin despertar...' ><img src='https:\/\/luzdealba.es\/alojamientos\/wp-content\/uploads\/2017\/05\/lugares-a-visitar-en-Ciudad-Real-quijote-1500x630.jpg' width='1500' height='630' title='TIERRAS DE DON QUIJOTE' alt=''  itemprop=\"thumbnailUrl\"   \/><\/div><\/li><li  class=' slide-6 ' ><div data-rel='slideshow-1' class='avia-slide-wrap' title='autores hay que dicen que la primera aventura que le avino [a don Quijote] fue la de Puerto L\u00e1pice&quot; (Don Quijote, Primera Parte, cap. 2).' ><img src='https:\/\/luzdealba.es\/alojamientos\/wp-content\/uploads\/2017\/05\/lugares-a-visitar-en-Ciudad-Real-puerto-lapice-1500x630.jpg' width='1500' height='630' title='LA VENTA DEL QUIJOTE EN PUERTO L\u00c1PICE' alt=''  itemprop=\"thumbnailUrl\"   \/><\/div><\/li><li  class=' slide-7 ' ><div data-rel='slideshow-1' class='avia-slide-wrap' title='Declarado Monumento Nacional el 4 de marzo de 1955, mantiene la estructura original de los Corrales de comedias del siglo XVII.' ><img src='https:\/\/luzdealba.es\/alojamientos\/wp-content\/uploads\/2017\/05\/lugares-a-visitar-en-Ciudad-Real-almagro-1500x630.jpg' width='1500' height='630' title='CORRAL DE COMEDIAS DE ALMAGRO' alt=''  itemprop=\"thumbnailUrl\"   \/><\/div><\/li><\/ul><div class='avia-slideshow-arrows avia-slideshow-controls'><a href='#prev' class='prev-slide' aria-hidden='true' data-av_icon='\ue87c' data-av_iconfont='entypo-fontello'>Anterior<\/a><a href='#next' class='next-slide' aria-hidden='true' data-av_icon='\ue87d' data-av_iconfont='entypo-fontello'>Posterior<\/a><\/div><div class='avia-slideshow-dots avia-slideshow-controls'><a href='#1' class='goto-slide active' >1<\/a><a href='#2' class='goto-slide ' >2<\/a><a href='#3' class='goto-slide ' >3<\/a><a href='#4' class='goto-slide ' >4<\/a><a href='#5' class='goto-slide ' >5<\/a><a href='#6' class='goto-slide ' >6<\/a><a href='#7' class='goto-slide ' >7<\/a><\/div><div class = \"caption_fullwidth av-slideshow-caption caption_center caption_center_framed caption_framed\"><div class = \"container caption_container\"><div class = \"slideshow_caption\"><div class = \"slideshow_inner_caption\"><div class = \"slideshow_align_caption\"><h2  style='font-size:50px; ' class='avia-caption-title'  itemprop=\"name\" >ENTORNO DESCONOCIDO PERO EXTRAORDINARIO<\/h2><div class='avia-caption-content av_inherit_color'  itemprop=\"description\"   style='font-size:20px; '><p>Rocinante galopa por estas tierras Quijotescas, parajes sorprendentes como las Lagunas de Ruidera, Castillos, grutas, y por supuesto, La Cultura del Olivo por doquier.<\/p>\n<\/div><\/div><\/div><\/div><\/div><\/div><\/div><\/div>\n<\/div><\/div><\/div><!-- close content main div --><\/div><\/div><div id='av_section_1' class='avia-section main_color avia-section-default avia-no-shadow avia-bg-style-scroll  container_wrap sidebar_right'   ><div class='container' ><div class='template-page content  av-content-small alpha units'><div class='post-entry post-entry-type-page post-entry-3267'><div class='entry-content-wrapper clearfix'>\n<div style='padding-bottom:10px;' class='av-special-heading av-special-heading-h3    '><h3 class='av-special-heading-tag'  itemprop=\"headline\"  >UN ENTORNO QUE TE SEDUCIR\u00c1 AL INSTANTE<\/h3><div class='special-heading-border'><div class='special-heading-inner-border' ><\/div><\/div><\/div>\n<section class=\"av_textblock_section\"  itemscope=\"itemscope\" itemtype=\"https:\/\/schema.org\/CreativeWork\" ><div class='avia_textblock '   itemprop=\"text\" ><p>Finca Luz de Alba se encuentra en un paraje natural incomparable, El Parque Natural de las Lagunas de Ruidera, uno de los m\u00e1s bonitos y extensos de Castilla La Mancha.<br \/>\nEn 25 km podr\u00e1s disfrutar de un rosario natural con 15 lagunas enlazadas entre s\u00ed a trav\u00e9s de riachuelos, cascadas y canales subterr\u00e1neos. 4.000 hect\u00e1reas para vivir con los 5 sentidos, olores, sabores y colores que no te dejar\u00e1n indiferente.<br \/>\nDescubrir\u00e1s el patrimonio art\u00edstico, la literatura y la historia de la zona. El gran escritor castellano Miguel de Cervantes empez\u00f3 la aventura del hidalgo Don Quijote de la Mancha en el peque\u00f1o pueblo de Argamasilla de Alba, municipio en el que est\u00e1 ubicada Finca Luz de Alba.<\/p>\n<p>Localidad situada en el Campo de San Juan y atravesada por el r\u00edo Guadiana. Recorre sus calles, visita sus ermitas y conoce la Cueva Montesinos, la Cueva de Medrano, los molinos de Campo de Criptana, el Castillo de Pe\u00f1arroya, las Tablas de Daimiel y el inmenso patrimonio hist\u00f3rico y cultural de la zona, sin olvidar su rica gastronom\u00eda y sus fant\u00e1sticos vinos.<\/p>\n<p>Siente la tierra y conoce sus rincones. Enam\u00f3rate del lugar, no te faltar\u00e1n razones para ello.<\/p>\n<\/div><\/section>\n<div style='height:30px' class='hr hr-invisible '><span class='hr-inner ' ><span class='hr-inner-style'><\/span><\/span><\/div>\n<div id='av-masonry-1' class='av-masonry noHover av-fixed-size av-1px-gap av-hover-overlay-active av-masonry-col-3 av-caption-always av-caption-style-overlay av-masonry-gallery  '  ><div class='av-masonry-container isotope av-js-disabled ' ><div class='av-masonry-entry isotope-item av-masonry-item-no-image '><\/div><a href=\"https:\/\/luzdealba.es\/alojamientos\/wp-content\/uploads\/2013\/04\/7300-1030x412.jpg\" id='av-masonry-1-item-3371' data-av-masonry-item='3371' class='av-masonry-entry isotope-item post-3371 attachment type-attachment status-inherit hentry  av-masonry-item-with-image' title=\"Escapada Rom\u00e1ntica en Lagunas de Ruidera\"  itemprop=\"thumbnailUrl\" ><div class='av-inner-masonry-sizer'><\/div><figure class='av-inner-masonry main_color'><div class=\"av-masonry-outerimage-container\"><div class=\"av-masonry-image-container\" style=\"background-image: url(https:\/\/luzdealba.es\/alojamientos\/wp-content\/uploads\/2013\/04\/7300-705x282.jpg);\"><img src=\"https:\/\/luzdealba.es\/alojamientos\/wp-content\/uploads\/2013\/04\/7300-705x282.jpg\" title=\"Escapada Rom\u00e1ntica en Lagunas de Ruidera\" alt=\"Escapada Rom\u00e1ntica en Lagunas de Ruidera\" \/><\/div><\/div><figcaption class='av-inner-masonry-content site-background'><div class='av-inner-masonry-content-pos'><div class='av-inner-masonry-content-pos-content'><div class='avia-arrow'><\/div><h3 class='av-masonry-entry-title entry-title'  itemprop=\"headline\" >Escapada Rom\u00e1ntica en Lagunas de Ruidera<\/h3><\/div><\/div><\/figcaption><\/figure><\/a><!--end av-masonry entry--><a href=\"https:\/\/luzdealba.es\/alojamientos\/wp-content\/uploads\/2017\/05\/lugares-a-visitar-en-Ciudad-Real-quijote-1030x483.jpg\" id='av-masonry-1-item-3432' data-av-masonry-item='3432' class='av-masonry-entry isotope-item post-3432 attachment type-attachment status-inherit hentry  av-masonry-item-with-image' title=\"El ingenioso hidalgo don Quijote de la Mancha a comienzos de 1605, es la obra m\u00e1s destacada de la literatura espa\u00f1ola, pero sus lugares siguen sin despertar...\"  itemprop=\"thumbnailUrl\" ><div class='av-inner-masonry-sizer'><\/div><figure class='av-inner-masonry main_color'><div class=\"av-masonry-outerimage-container\"><div class=\"av-masonry-image-container\" style=\"background-image: url(https:\/\/luzdealba.es\/alojamientos\/wp-content\/uploads\/2017\/05\/lugares-a-visitar-en-Ciudad-Real-quijote-705x330.jpg);\"><img src=\"https:\/\/luzdealba.es\/alojamientos\/wp-content\/uploads\/2017\/05\/lugares-a-visitar-en-Ciudad-Real-quijote-705x330.jpg\" title=\"TIERRAS DE DON QUIJOTE\" alt=\"\" \/><\/div><\/div><figcaption class='av-inner-masonry-content site-background'><div class='av-inner-masonry-content-pos'><div class='av-inner-masonry-content-pos-content'><div class='avia-arrow'><\/div><h3 class='av-masonry-entry-title entry-title'  itemprop=\"headline\" >TIERRAS DE DON QUIJOTE<\/h3><\/div><\/div><\/figcaption><\/figure><\/a><!--end av-masonry entry--><a href=\"https:\/\/luzdealba.es\/alojamientos\/wp-content\/uploads\/2017\/05\/lugares-a-visitar-en-Ciudad-Real-puerto-lapice-1030x483.jpg\" id='av-masonry-1-item-3431' data-av-masonry-item='3431' class='av-masonry-entry isotope-item post-3431 attachment type-attachment status-inherit hentry  av-masonry-item-with-image' title=\"autores hay que dicen que la primera aventura que le avino [a don Quijote] fue la de Puerto L\u00e1pice&quot; (Don Quijote, Primera Parte, cap. 2).\"  itemprop=\"thumbnailUrl\" ><div class='av-inner-masonry-sizer'><\/div><figure class='av-inner-masonry main_color'><div class=\"av-masonry-outerimage-container\"><div class=\"av-masonry-image-container\" style=\"background-image: url(https:\/\/luzdealba.es\/alojamientos\/wp-content\/uploads\/2017\/05\/lugares-a-visitar-en-Ciudad-Real-puerto-lapice-705x330.jpg);\"><img src=\"https:\/\/luzdealba.es\/alojamientos\/wp-content\/uploads\/2017\/05\/lugares-a-visitar-en-Ciudad-Real-puerto-lapice-705x330.jpg\" title=\"LA VENTA DEL QUIJOTE EN PUERTO L\u00c1PICE\" alt=\"\" \/><\/div><\/div><figcaption class='av-inner-masonry-content site-background'><div class='av-inner-masonry-content-pos'><div class='av-inner-masonry-content-pos-content'><div class='avia-arrow'><\/div><h3 class='av-masonry-entry-title entry-title'  itemprop=\"headline\" >LA VENTA DEL QUIJOTE EN PUERTO L\u00c1PICE<\/h3><\/div><\/div><\/figcaption><\/figure><\/a><!--end av-masonry entry--><a href=\"https:\/\/luzdealba.es\/alojamientos\/wp-content\/uploads\/2013\/04\/portada-home-consuegra-1030x483.jpg\" id='av-masonry-1-item-3370' data-av-masonry-item='3370' class='av-masonry-entry isotope-item post-3370 attachment type-attachment status-inherit hentry  av-masonry-item-with-image' title=\"Escapada rom\u00e1ntica Molinos\"  itemprop=\"thumbnailUrl\" ><div class='av-inner-masonry-sizer'><\/div><figure class='av-inner-masonry main_color'><div class=\"av-masonry-outerimage-container\"><div class=\"av-masonry-image-container\" style=\"background-image: url(https:\/\/luzdealba.es\/alojamientos\/wp-content\/uploads\/2013\/04\/portada-home-consuegra-705x330.jpg);\"><img src=\"https:\/\/luzdealba.es\/alojamientos\/wp-content\/uploads\/2013\/04\/portada-home-consuegra-705x330.jpg\" title=\"Escapada rom\u00e1ntica Molinos\" alt=\"Escapada rom\u00e1ntica Molinos\" \/><\/div><\/div><figcaption class='av-inner-masonry-content site-background'><div class='av-inner-masonry-content-pos'><div class='av-inner-masonry-content-pos-content'><div class='avia-arrow'><\/div><h3 class='av-masonry-entry-title entry-title'  itemprop=\"headline\" >Escapada rom\u00e1ntica Molinos<\/h3><\/div><\/div><\/figcaption><\/figure><\/a><!--end av-masonry entry--><a href=\"https:\/\/luzdealba.es\/alojamientos\/wp-content\/uploads\/2017\/05\/lugares-a-visitar-en-Ciudad-Real-almagro-1030x483.jpg\" id='av-masonry-1-item-3430' data-av-masonry-item='3430' class='av-masonry-entry isotope-item post-3430 attachment type-attachment status-inherit hentry  av-masonry-item-with-image' title=\"Declarado Monumento Nacional el 4 de marzo de 1955, mantiene la estructura original de los Corrales de comedias del siglo XVII.\"  itemprop=\"thumbnailUrl\" ><div class='av-inner-masonry-sizer'><\/div><figure class='av-inner-masonry main_color'><div class=\"av-masonry-outerimage-container\"><div class=\"av-masonry-image-container\" style=\"background-image: url(https:\/\/luzdealba.es\/alojamientos\/wp-content\/uploads\/2017\/05\/lugares-a-visitar-en-Ciudad-Real-almagro-705x330.jpg);\"><img src=\"https:\/\/luzdealba.es\/alojamientos\/wp-content\/uploads\/2017\/05\/lugares-a-visitar-en-Ciudad-Real-almagro-705x330.jpg\" title=\"CORRAL DE COMEDIAS DE ALMAGRO\" alt=\"\" \/><\/div><\/div><figcaption class='av-inner-masonry-content site-background'><div class='av-inner-masonry-content-pos'><div class='av-inner-masonry-content-pos-content'><div class='avia-arrow'><\/div><h3 class='av-masonry-entry-title entry-title'  itemprop=\"headline\" >CORRAL DE COMEDIAS DE ALMAGRO<\/h3><\/div><\/div><\/figcaption><\/figure><\/a><!--end av-masonry entry--><a href=\"https:\/\/luzdealba.es\/alojamientos\/wp-content\/uploads\/2017\/05\/lugares-a-visitar-en-Ciudad-Real-tablas-daimiel-1030x483.jpg\" id='av-masonry-1-item-3433' data-av-masonry-item='3433' class='av-masonry-entry isotope-item post-3433 attachment type-attachment status-inherit hentry  av-masonry-item-with-image' title=\"Maravilloso humedal manchego  a tal solo 40 min. de la Fiinca.\n\"  itemprop=\"thumbnailUrl\" ><div class='av-inner-masonry-sizer'><\/div><figure class='av-inner-masonry main_color'><div class=\"av-masonry-outerimage-container\"><div class=\"av-masonry-image-container\" style=\"background-image: url(https:\/\/luzdealba.es\/alojamientos\/wp-content\/uploads\/2017\/05\/lugares-a-visitar-en-Ciudad-Real-tablas-daimiel-705x330.jpg);\"><img src=\"https:\/\/luzdealba.es\/alojamientos\/wp-content\/uploads\/2017\/05\/lugares-a-visitar-en-Ciudad-Real-tablas-daimiel-705x330.jpg\" title=\"TABLAS DE DAIMIEL\" alt=\"\" \/><\/div><\/div><figcaption class='av-inner-masonry-content site-background'><div class='av-inner-masonry-content-pos'><div class='av-inner-masonry-content-pos-content'><div class='avia-arrow'><\/div><h3 class='av-masonry-entry-title entry-title'  itemprop=\"headline\" >TABLAS DE DAIMIEL<\/h3><\/div><\/div><\/figcaption><\/figure><\/a><!--end av-masonry entry--><\/div><\/div>\n<\/div><\/div><\/div><!-- close content main div --><\/div><\/div><div id='after_section_1' class='main_color av_default_container_wrap container_wrap sidebar_right'   ><div class='container' ><div class='template-page content  av-content-small alpha units'><div class='post-entry post-entry-type-page post-entry-3267'><div class='entry-content-wrapper clearfix'>\n","protected":false},"excerpt":{"rendered":"","protected":false},"author":2,"featured_media":0,"parent":0,"menu_order":0,"comment_status":"closed","ping_status":"closed","template":"","meta":[],"yoast_head":"<!-- This site is optimized with the Yoast SEO plugin v17.7.1 - https:\/\/yoast.com\/wordpress\/plugins\/seo\/ -->\n<title>El Entorno de LUZ DE ALBA | Luz de Alba - Alojamientos<\/title>\n<meta name=\"robots\" content=\"index, follow, max-snippet:-1, max-image-preview:large, max-video-preview:-1\" \/>\n<link rel=\"canonical\" href=\"https:\/\/luzdealba.es\/alojamientos\/el-entorno-de-ruidera\/\" \/>\n<meta property=\"og:locale\" content=\"es_ES\" \/>\n<meta property=\"og:type\" content=\"article\" \/>\n<meta property=\"og:title\" content=\"El Entorno de LUZ DE ALBA | Luz de Alba - Alojamientos\" \/>\n<meta property=\"og:url\" content=\"https:\/\/luzdealba.es\/alojamientos\/el-entorno-de-ruidera\/\" \/>\n<meta property=\"og:site_name\" content=\"Luz de Alba - Alojamientos\" \/>\n<meta property=\"article:publisher\" content=\"https:\/\/www.facebook.com\/fluzdealba\/\" \/>\n<meta property=\"article:modified_time\" content=\"2017-05-11T12:08:05+00:00\" \/>\n<meta name=\"twitter:card\" content=\"summary\" \/>\n<meta name=\"twitter:site\" content=\"@AceiteLuzdeAlba\" \/>\n<meta name=\"twitter:label1\" content=\"Tiempo de lectura\" \/>\n\t<meta name=\"twitter:data1\" content=\"4 minutos\" \/>\n<script type=\"application\/ld+json\" class=\"yoast-schema-graph\">{\"@context\":\"https:\/\/schema.org\",\"@graph\":[{\"@type\":\"WebSite\",\"@id\":\"https:\/\/luzdealba.es\/alojamientos\/#website\",\"url\":\"https:\/\/luzdealba.es\/alojamientos\/\",\"name\":\"Luz de Alba - Alojamientos\",\"description\":\"Alojamientos en Lagunas de Ruidera\",\"potentialAction\":[{\"@type\":\"SearchAction\",\"target\":{\"@type\":\"EntryPoint\",\"urlTemplate\":\"https:\/\/luzdealba.es\/alojamientos\/?s={search_term_string}\"},\"query-input\":\"required name=search_term_string\"}],\"inLanguage\":\"es\"},{\"@type\":\"WebPage\",\"@id\":\"https:\/\/luzdealba.es\/alojamientos\/el-entorno-de-ruidera\/#webpage\",\"url\":\"https:\/\/luzdealba.es\/alojamientos\/el-entorno-de-ruidera\/\",\"name\":\"El Entorno de LUZ DE ALBA | Luz de Alba - Alojamientos\",\"isPartOf\":{\"@id\":\"https:\/\/luzdealba.es\/alojamientos\/#website\"},\"datePublished\":\"2017-05-02T16:24:49+00:00\",\"dateModified\":\"2017-05-11T12:08:05+00:00\",\"breadcrumb\":{\"@id\":\"https:\/\/luzdealba.es\/alojamientos\/el-entorno-de-ruidera\/#breadcrumb\"},\"inLanguage\":\"es\",\"potentialAction\":[{\"@type\":\"ReadAction\",\"target\":[\"https:\/\/luzdealba.es\/alojamientos\/el-entorno-de-ruidera\/\"]}]},{\"@type\":\"BreadcrumbList\",\"@id\":\"https:\/\/luzdealba.es\/alojamientos\/el-entorno-de-ruidera\/#breadcrumb\",\"itemListElement\":[{\"@type\":\"ListItem\",\"position\":1,\"name\":\"Portada\",\"item\":\"https:\/\/luzdealba.es\/alojamientos\/\"},{\"@type\":\"ListItem\",\"position\":2,\"name\":\"El Entorno de LUZ DE ALBA\"}]}]}<\/script>\n<!-- \/ Yoast SEO plugin. -->","yoast_head_json":{"title":"El Entorno de LUZ DE ALBA | Luz de Alba - Alojamientos","robots":{"index":"index","follow":"follow","max-snippet":"max-snippet:-1","max-image-preview":"max-image-preview:large","max-video-preview":"max-video-preview:-1"},"canonical":"https:\/\/luzdealba.es\/alojamientos\/el-entorno-de-ruidera\/","og_locale":"es_ES","og_type":"article","og_title":"El Entorno de LUZ DE ALBA | Luz de Alba - Alojamientos","og_url":"https:\/\/luzdealba.es\/alojamientos\/el-entorno-de-ruidera\/","og_site_name":"Luz de Alba - Alojamientos","article_publisher":"https:\/\/www.facebook.com\/fluzdealba\/","article_modified_time":"2017-05-11T12:08:05+00:00","twitter_card":"summary","twitter_site":"@AceiteLuzdeAlba","twitter_misc":{"Tiempo de lectura":"4 minutos"},"schema":{"@context":"https:\/\/schema.org","@graph":[{"@type":"WebSite","@id":"https:\/\/luzdealba.es\/alojamientos\/#website","url":"https:\/\/luzdealba.es\/alojamientos\/","name":"Luz de Alba - Alojamientos","description":"Alojamientos en Lagunas de Ruidera","potentialAction":[{"@type":"SearchAction","target":{"@type":"EntryPoint","urlTemplate":"https:\/\/luzdealba.es\/alojamientos\/?s={search_term_string}"},"query-input":"required name=search_term_string"}],"inLanguage":"es"},{"@type":"WebPage","@id":"https:\/\/luzdealba.es\/alojamientos\/el-entorno-de-ruidera\/#webpage","url":"https:\/\/luzdealba.es\/alojamientos\/el-entorno-de-ruidera\/","name":"El Entorno de LUZ DE ALBA | Luz de Alba - Alojamientos","isPartOf":{"@id":"https:\/\/luzdealba.es\/alojamientos\/#website"},"datePublished":"2017-05-02T16:24:49+00:00","dateModified":"2017-05-11T12:08:05+00:00","breadcrumb":{"@id":"https:\/\/luzdealba.es\/alojamientos\/el-entorno-de-ruidera\/#breadcrumb"},"inLanguage":"es","potentialAction":[{"@type":"ReadAction","target":["https:\/\/luzdealba.es\/alojamientos\/el-entorno-de-ruidera\/"]}]},{"@type":"BreadcrumbList","@id":"https:\/\/luzdealba.es\/alojamientos\/el-entorno-de-ruidera\/#breadcrumb","itemListElement":[{"@type":"ListItem","position":1,"name":"Portada","item":"https:\/\/luzdealba.es\/alojamientos\/"},{"@type":"ListItem","position":2,"name":"El Entorno de LUZ DE ALBA"}]}]}},"_links":{"self":[{"href":"https:\/\/luzdealba.es\/alojamientos\/wp-json\/wp\/v2\/pages\/3267"}],"collection":[{"href":"https:\/\/luzdealba.es\/alojamientos\/wp-json\/wp\/v2\/pages"}],"about":[{"href":"https:\/\/luzdealba.es\/alojamientos\/wp-json\/wp\/v2\/types\/page"}],"author":[{"embeddable":true,"href":"https:\/\/luzdealba.es\/alojamientos\/wp-json\/wp\/v2\/users\/2"}],"replies":[{"embeddable":true,"href":"https:\/\/luzdealba.es\/alojamientos\/wp-json\/wp\/v2\/comments?post=3267"}],"version-history":[{"count":18,"href":"https:\/\/luzdealba.es\/alojamientos\/wp-json\/wp\/v2\/pages\/3267\/revisions"}],"predecessor-version":[{"id":3881,"href":"https:\/\/luzdealba.es\/alojamientos\/wp-json\/wp\/v2\/pages\/3267\/revisions\/3881"}],"wp:attachment":[{"href":"https:\/\/luzdealba.es\/alojamientos\/wp-json\/wp\/v2\/media?parent=3267"}],"curies":[{"name":"wp","href":"https:\/\/api.w.org\/{rel}","templated":true}]}}